{"id":93674,"date":"2026-04-29T17:18:33","date_gmt":"2026-04-29T17:18:33","guid":{"rendered":"https:\/\/profitstore.pl\/index.php\/produkt\/filtr-eu4-do-defro-reku-drx-300-v-opti-445x173x48\/"},"modified":"2026-04-29T17:18:35","modified_gmt":"2026-04-29T17:18:35","slug":"filtr-eu4-do-defro-reku-drx-300-v-opti-445x173x48","status":"publish","type":"product","link":"https:\/\/profitstore.pl\/index.php\/produkt\/filtr-eu4-do-defro-reku-drx-300-v-opti-445x173x48\/","title":{"rendered":"Filtr EU4 do DEFRO REKU-DRX-300-V-OPTI (445x173x48)"},"content":{"rendered":"<p>Nazwy marek i urz\u0105dze\u0144 zosta\u0142y u\u017cyte w celu identyfikacji produktu.\u00a0<\/p>\n<p>Poni\u017cej przedstawiamy sprzedawany produkt:<\/p>\n<p><img src=\"https:\/\/pureventfilters.eu\/4839-large_default\/filtr-eu4-do-defro-reku-drx-300-v-opti-445x173x48.jpg\" alt=\"Filtr EU4 do DEFRO REKU-DRX-300-V-OPTI (445x173x48)\" \/><\/p>\n","protected":false},"excerpt":{"rendered":"<p>Nazwy marek i urz\u0105dze\u0144 zosta\u0142y u\u017cyte w celu identyfikacji produktu.\u00a0 Poni\u017cej przedstawiamy sprzedawany produkt:<\/p>\n","protected":false},"featured_media":93675,"template":"","meta":[],"_links":{"self":[{"href":"https:\/\/profitstore.pl\/index.php\/wp-json\/wp\/v2\/product\/93674"}],"collection":[{"href":"https:\/\/profitstore.pl\/index.php\/wp-json\/wp\/v2\/product"}],"about":[{"href":"https:\/\/profitstore.pl\/index.php\/wp-json\/wp\/v2\/types\/product"}],"wp:featuredmedia":[{"embeddable":true,"href":"https:\/\/profitstore.pl\/index.php\/wp-json\/wp\/v2\/media\/93675"}],"wp:attachment":[{"href":"https:\/\/profitstore.pl\/index.php\/wp-json\/wp\/v2\/media?parent=93674"}],"curies":[{"name":"wp","href":"https:\/\/api.w.org\/{rel}","templated":true}]}}