{"id":93666,"date":"2026-04-30T07:28:25","date_gmt":"2026-04-30T07:28:25","guid":{"rendered":"https:\/\/profitstore.pl\/index.php\/produkt\/filtr-eu9-do-central-klimor-592x592x600\/"},"modified":"2026-04-30T07:28:29","modified_gmt":"2026-04-30T07:28:29","slug":"filtr-eu9-do-central-klimor-592x592x600","status":"publish","type":"product","link":"https:\/\/profitstore.pl\/index.php\/produkt\/filtr-eu9-do-central-klimor-592x592x600\/","title":{"rendered":"Filtr EU9 do central KLIMOR (592x592x600)"},"content":{"rendered":"<p>Filtr\u00a0 kieszeniowy \u00a0klasy F9 \/ EU9 \u00a0o wymiarach \u00a0592x592x600 \u00a0mm\u00a0w\u00a0ramce metalowej pasuj\u0105cy do central KLIMOR. Filtry s\u0105 zamiennikami, nazwy producent\u00f3w i marek zosta\u0142y u\u017cyte w celu identyfikacji produktu.<\/p>\n<p>Poni\u017cej przedstawiamy sprzedawany produkt:<\/p>\n<p><img src=\"https:\/\/pureventfilters.eu\/4835-large_default\/filtr-eu9-do-central-klimor-592x592x600.jpg\" alt=\"Filtr EU9 do central KLIMOR (592x592x600)\" \/><\/p>\n","protected":false},"excerpt":{"rendered":"<p>Filtr\u00a0 kieszeniowy \u00a0klasy F9 \/ EU9 \u00a0o wymiarach \u00a0592x592x600 \u00a0mm\u00a0w\u00a0ramce metalowej pasuj\u0105cy do central KLIMOR. Filtry s\u0105 zamiennikami, nazwy producent\u00f3w i marek zosta\u0142y u\u017cyte w celu identyfikacji produktu. Poni\u017cej przedstawiamy sprzedawany produkt:<\/p>\n","protected":false},"featured_media":93667,"template":"","meta":[],"_links":{"self":[{"href":"https:\/\/profitstore.pl\/index.php\/wp-json\/wp\/v2\/product\/93666"}],"collection":[{"href":"https:\/\/profitstore.pl\/index.php\/wp-json\/wp\/v2\/product"}],"about":[{"href":"https:\/\/profitstore.pl\/index.php\/wp-json\/wp\/v2\/types\/product"}],"wp:featuredmedia":[{"embeddable":true,"href":"https:\/\/profitstore.pl\/index.php\/wp-json\/wp\/v2\/media\/93667"}],"wp:attachment":[{"href":"https:\/\/profitstore.pl\/index.php\/wp-json\/wp\/v2\/media?parent=93666"}],"curies":[{"name":"wp","href":"https:\/\/api.w.org\/{rel}","templated":true}]}}