{"id":936,"date":"2023-01-26T19:33:11","date_gmt":"2023-01-26T19:33:11","guid":{"rendered":"https:\/\/profitstore.pl\/index.php\/produkt\/import-placeholder-for-1289\/"},"modified":"2023-01-26T19:33:20","modified_gmt":"2023-01-26T19:33:20","slug":"fotel-gabinetowy-windsor","status":"publish","type":"product","link":"https:\/\/profitstore.pl\/index.php\/produkt\/fotel-gabinetowy-windsor\/","title":{"rendered":"Fotel gabinetowy WINDSOR"},"content":{"rendered":"<p><strong>WINDSOR\u00a0<\/strong>komfortowy fotel gabinetowy wykonany z eco sk\u00f3ry, dost\u0119pny w dw\u00f3ch kolorach<\/p>\n<p><span id=\"ctl00_ContentPlaceHolder1_Label4_\" class=\"tile-s-tekst-opis\" style=\"padding-right: 5px; font-variant-numeric: normal; font-variant-east-asian: normal; font-stretch: normal; font-size: 17.3333px; line-height: normal; font-family: 'Segoe UI';\">Opis produktu:<\/span><br style=\"color: #be0024; font-family: 'Segoe UI'; font-size: 17.3333px;\" \/><span id=\"ctl00_ContentPlaceHolder1_txtOpis\" style=\"color: #be0024; font-family: 'Segoe UI'; font-size: 11pt;\">mechanizm TILT,<\/span><\/p>\n<p><span id=\"ctl00_ContentPlaceHolder1_txtOpis\" style=\"color: #be0024; font-family: 'Segoe UI'; font-size: 11pt;\"> wymiary: 54\/64\/97-104\/48-55 cm, <\/span><\/p>\n<p><span id=\"ctl00_ContentPlaceHolder1_txtOpis\" style=\"color: #be0024; font-family: 'Segoe UI'; font-size: 11pt;\">materia\u0142: eco sk\u00f3ra,<\/span><\/p>\n<p><span id=\"ctl00_ContentPlaceHolder1_txtOpis\" style=\"color: #be0024; font-family: 'Segoe UI'; font-size: 11pt;\"> kolor: granatowy, bordowy<\/span><\/p>\n<p><img src=\"https:\/\/zamowienia.halmar.pl\/Upload\/d41d8cd98f00b204e9800998ecf8427e\/cc06c605e41ef1634877c0f3f2116b14.jpeg?131843587432880129\" alt=\"\" \/><\/p>\n<p><span style=\"color: #be0024; font-family: 'Segoe UI'; font-size: 11pt;\">bordowy<\/span><\/p>\n<p><img src=\"https:\/\/zamowienia.halmar.pl\/Upload\/d41d8cd98f00b204e9800998ecf8427e\/95a2c891754d54fc4a7f8168d2c8aa38.jpeg?131843589351642922\" alt=\"\" \/><\/p>\n","protected":false},"excerpt":{"rendered":"<p>WINDSOR\u00a0komfortowy fotel gabinetowy wykonany z eco sk\u00f3ry, dost\u0119pny w dw\u00f3ch kolorach Opis produktu:mechanizm TILT, wymiary: 54\/64\/97-104\/48-55 cm, materia\u0142: eco sk\u00f3ra, kolor: granatowy, bordowy bordowy<\/p>\n","protected":false},"featured_media":0,"template":"","meta":[],"_links":{"self":[{"href":"https:\/\/profitstore.pl\/index.php\/wp-json\/wp\/v2\/product\/936"}],"collection":[{"href":"https:\/\/profitstore.pl\/index.php\/wp-json\/wp\/v2\/product"}],"about":[{"href":"https:\/\/profitstore.pl\/index.php\/wp-json\/wp\/v2\/types\/product"}],"wp:attachment":[{"href":"https:\/\/profitstore.pl\/index.php\/wp-json\/wp\/v2\/media?parent=936"}],"curies":[{"name":"wp","href":"https:\/\/api.w.org\/{rel}","templated":true}]}}