{"id":93430,"date":"2026-04-29T17:18:31","date_gmt":"2026-04-29T17:18:31","guid":{"rendered":"https:\/\/profitstore.pl\/index.php\/produkt\/filtr-eu4-do-wanas-415-450x210-coarse\/"},"modified":"2026-04-29T17:18:33","modified_gmt":"2026-04-29T17:18:33","slug":"filtr-eu4-do-wanas-415-450x210-coarse","status":"publish","type":"product","link":"https:\/\/profitstore.pl\/index.php\/produkt\/filtr-eu4-do-wanas-415-450x210-coarse\/","title":{"rendered":"Filtr EU4 do WANAS 415 (450&#215;210) Coarse"},"content":{"rendered":"<p>Filtr p\u0142aski klasy\u00a0 G4\/EU4 \u00a0o wymiarach 450&#215;210 \u00a0pasuj\u0105cy do centrali\u00a0 WANAS 415. Filtry s\u0105 zamiennikami, nazwy producent\u00f3w i modeli urz\u0105dze\u0144 zosta\u0142y wykorzystane jedynie do identyfikacji produktu<\/p>\n<p>Poni\u017cej przedstawiamy sprzedawany produkt:<\/p>\n<p><img src=\"https:\/\/pureventfilters.eu\/4813-large_default\/filtr-eu4-do-wanas-415-450x210-coarse.jpg\" alt=\"Filtr EU4 do WANAS 415 (450x210) Coarse\" \/><\/p>\n","protected":false},"excerpt":{"rendered":"<p>Filtr p\u0142aski klasy\u00a0 G4\/EU4 \u00a0o wymiarach 450&#215;210 \u00a0pasuj\u0105cy do centrali\u00a0 WANAS 415. Filtry s\u0105 zamiennikami, nazwy producent\u00f3w i modeli urz\u0105dze\u0144 zosta\u0142y wykorzystane jedynie do identyfikacji produktu Poni\u017cej przedstawiamy sprzedawany produkt:<\/p>\n","protected":false},"featured_media":93431,"template":"","meta":[],"_links":{"self":[{"href":"https:\/\/profitstore.pl\/index.php\/wp-json\/wp\/v2\/product\/93430"}],"collection":[{"href":"https:\/\/profitstore.pl\/index.php\/wp-json\/wp\/v2\/product"}],"about":[{"href":"https:\/\/profitstore.pl\/index.php\/wp-json\/wp\/v2\/types\/product"}],"wp:featuredmedia":[{"embeddable":true,"href":"https:\/\/profitstore.pl\/index.php\/wp-json\/wp\/v2\/media\/93431"}],"wp:attachment":[{"href":"https:\/\/profitstore.pl\/index.php\/wp-json\/wp\/v2\/media?parent=93430"}],"curies":[{"name":"wp","href":"https:\/\/api.w.org\/{rel}","templated":true}]}}