{"id":932,"date":"2023-01-26T19:33:11","date_gmt":"2023-01-26T19:33:11","guid":{"rendered":"https:\/\/profitstore.pl\/index.php\/produkt\/import-placeholder-for-1285\/"},"modified":"2023-01-26T19:33:23","modified_gmt":"2023-01-26T19:33:23","slug":"fotel-gabinetowy-upset","status":"publish","type":"product","link":"https:\/\/profitstore.pl\/index.php\/produkt\/fotel-gabinetowy-upset\/","title":{"rendered":"Fotel gabinetowy UPSET"},"content":{"rendered":"<p><strong>NOWO\u015a\u0106!!<\/strong><\/p>\n<p><strong>UPSET\u00a0<\/strong>nowoczesny fotel gabinetowy wykonany z eco sk\u00f3ry i eco sk\u00f3ry perforowanej dostepny w dw\u00f3ch kolorach<\/p>\n<p><span id=\"ctl00_ContentPlaceHolder1_Label4_\" class=\"tile-s-tekst-opis\" style=\"padding-right: 5px; font-variant-numeric: normal; font-variant-east-asian: normal; font-stretch: normal; font-size: 17.3333px; line-height: normal; font-family: 'Segoe UI';\">Opis produktu:<\/span><br style=\"color: #be0024; font-family: 'Segoe UI'; font-size: 17.3333px;\" \/><span id=\"ctl00_ContentPlaceHolder1_txtOpis\" style=\"color: #be0024; font-family: 'Segoe UI'; font-size: 11pt;\">wymiary: 66\/70\/115-125\/47-57 cm,<\/span><\/p>\n<p><span id=\"ctl00_ContentPlaceHolder1_txtOpis\" style=\"color: #be0024; font-family: 'Segoe UI'; font-size: 11pt;\"> mechanizm TILT, <\/span><\/p>\n<p><span id=\"ctl00_ContentPlaceHolder1_txtOpis\" style=\"color: #be0024; font-family: 'Segoe UI'; font-size: 11pt;\">eko sk\u00f3ra \/ eko sk\u00f3ra perforowana, <\/span><\/p>\n<p><span id=\"ctl00_ContentPlaceHolder1_txtOpis\" style=\"color: #be0024; font-family: 'Segoe UI'; font-size: 11pt;\">kolor: czarny &#8211; popielaty,\u00a0<\/span><span style=\"color: #be0024; font-family: 'Segoe UI'; font-size: 14.6667px;\">czarny &#8211; popielaty &#8211; bia\u0142y<\/span><\/p>\n<p>\u00a0<\/p>\n<p><span style=\"color: #be0024; font-family: 'Segoe UI'; font-size: 14.6667px;\">czarny &#8211; popielaty,<\/span><\/p>\n<p><img src=\"https:\/\/zamowienia.halmar.pl\/Upload\/d41d8cd98f00b204e9800998ecf8427e\/52090bcace492ae65ad114a8cd30a210.jpeg?131843469521677694\" alt=\"\" \/><\/p>\n<p><span style=\"color: #be0024; font-family: 'Segoe UI'; font-size: 14.6667px;\">czarny &#8211; popielaty &#8211; bia\u0142y<\/span><\/p>\n<p><img src=\"https:\/\/zamowienia.halmar.pl\/Upload\/d41d8cd98f00b204e9800998ecf8427e\/c4f9a8471b4d89c6b18206bd3a9a4358.jpeg?131843472423102767\" alt=\"\" \/><\/p>\n","protected":false},"excerpt":{"rendered":"<p>NOWO\u015a\u0106!! UPSET\u00a0nowoczesny fotel gabinetowy wykonany z eco sk\u00f3ry i eco sk\u00f3ry perforowanej dostepny w dw\u00f3ch kolorach Opis produktu:wymiary: 66\/70\/115-125\/47-57 cm, mechanizm TILT, eko sk\u00f3ra \/ eko sk\u00f3ra perforowana, kolor: czarny &#8211; popielaty,\u00a0czarny &#8211; popielaty &#8211; bia\u0142y \u00a0 czarny &#8211; popielaty, czarny &#8211; popielaty &#8211; bia\u0142y<\/p>\n","protected":false},"featured_media":0,"template":"","meta":[],"_links":{"self":[{"href":"https:\/\/profitstore.pl\/index.php\/wp-json\/wp\/v2\/product\/932"}],"collection":[{"href":"https:\/\/profitstore.pl\/index.php\/wp-json\/wp\/v2\/product"}],"about":[{"href":"https:\/\/profitstore.pl\/index.php\/wp-json\/wp\/v2\/types\/product"}],"wp:attachment":[{"href":"https:\/\/profitstore.pl\/index.php\/wp-json\/wp\/v2\/media?parent=932"}],"curies":[{"name":"wp","href":"https:\/\/api.w.org\/{rel}","templated":true}]}}