{"id":92970,"date":"2026-04-29T17:18:28","date_gmt":"2026-04-29T17:18:28","guid":{"rendered":"https:\/\/profitstore.pl\/index.php\/produkt\/filtr-eu7-do-swegon-gold-ex05-ex04-erx04-355x425x350\/"},"modified":"2026-04-29T17:18:29","modified_gmt":"2026-04-29T17:18:29","slug":"filtr-eu7-do-swegon-gold-ex05-ex04-erx04-355x425x350","status":"publish","type":"product","link":"https:\/\/profitstore.pl\/index.php\/produkt\/filtr-eu7-do-swegon-gold-ex05-ex04-erx04-355x425x350\/","title":{"rendered":"Filtr EU7 do SWEGON GOLD EX05\/EX04\/ERX04 (355x425x350)"},"content":{"rendered":"<p>Cena dotyczy 1szt. filtra.\u00a0Filtr kieszeniowy klasy \u00a0F7 \/ EU7 \u00a0o wymiarach\u00a0 355x425x350 \u00a0mm do centrali\u00a0 SWEGON GOLD\u00a0 Przed zakupem prosimy o weryfikacj\u0119 wymiar\u00f3w filtr\u00f3w podanych w ofercie z rzeczywistymi wymiarami filtr\u00f3w montowanych w centrali. Produkt jest zamiennikiem. Nazwy urz\u0105dze\u0144, cz\u0119\u015bci i marek zosta\u0142y u\u017cyte w celu identyfikacji produktu.<\/p>\n<p>Poni\u017cej przedstawiamy sprzedawany produkt:<\/p>\n<p><img src=\"https:\/\/pureventfilters.eu\/4807-large_default\/filtr-eu7-do-swegon-gold-ex05ex04erx04-355x425x350.jpg\" alt=\"Filtr EU7 do SWEGON GOLD EX05\/EX04\/ERX04 (355x425x350)\" \/><\/p>\n","protected":false},"excerpt":{"rendered":"<p>Cena dotyczy 1szt. filtra.\u00a0Filtr kieszeniowy klasy \u00a0F7 \/ EU7 \u00a0o wymiarach\u00a0 355x425x350 \u00a0mm do centrali\u00a0 SWEGON GOLD\u00a0 Przed zakupem prosimy o weryfikacj\u0119 wymiar\u00f3w filtr\u00f3w podanych w ofercie z rzeczywistymi wymiarami filtr\u00f3w montowanych w centrali. Produkt jest zamiennikiem. Nazwy urz\u0105dze\u0144, cz\u0119\u015bci i marek zosta\u0142y u\u017cyte w celu identyfikacji produktu. Poni\u017cej przedstawiamy sprzedawany produkt:<\/p>\n","protected":false},"featured_media":92971,"template":"","meta":[],"_links":{"self":[{"href":"https:\/\/profitstore.pl\/index.php\/wp-json\/wp\/v2\/product\/92970"}],"collection":[{"href":"https:\/\/profitstore.pl\/index.php\/wp-json\/wp\/v2\/product"}],"about":[{"href":"https:\/\/profitstore.pl\/index.php\/wp-json\/wp\/v2\/types\/product"}],"wp:featuredmedia":[{"embeddable":true,"href":"https:\/\/profitstore.pl\/index.php\/wp-json\/wp\/v2\/media\/92971"}],"wp:attachment":[{"href":"https:\/\/profitstore.pl\/index.php\/wp-json\/wp\/v2\/media?parent=92970"}],"curies":[{"name":"wp","href":"https:\/\/api.w.org\/{rel}","templated":true}]}}