{"id":92968,"date":"2026-04-30T07:28:09","date_gmt":"2026-04-30T07:28:09","guid":{"rendered":"https:\/\/profitstore.pl\/index.php\/produkt\/filtr-eu5-do-swegon-gold-ex04-erx-355x425x335\/"},"modified":"2026-04-30T07:28:11","modified_gmt":"2026-04-30T07:28:11","slug":"filtr-eu5-do-swegon-gold-ex04-erx-355x425x335","status":"publish","type":"product","link":"https:\/\/profitstore.pl\/index.php\/produkt\/filtr-eu5-do-swegon-gold-ex04-erx-355x425x335\/","title":{"rendered":"Filtr EU5 do SWEGON GOLD EX04 ERX (355x425x335)"},"content":{"rendered":"<p>Cena dotyczy 1szt. filtra.\u00a0Filtr kieszeniowy klasy \u00a0M5 \/ EU5 \u00a0o wymiarach\u00a0 355x425x335 \u00a0mm do centrali\u00a0 SWEGON GOLD EX04 ERX Przed zakupem prosimy o weryfikacj\u0119 wymiar\u00f3w filtr\u00f3w podanych w ofercie z rzeczywistymi wymiarami filtr\u00f3w montowanych w centrali. Produkt jest zamiennikiem. Nazwy urz\u0105dze\u0144, cz\u0119\u015bci i marek zosta\u0142y u\u017cyte w celu identyfikacji produktu.<\/p>\n<p>Poni\u017cej przedstawiamy sprzedawany produkt:<\/p>\n<p><img src=\"https:\/\/pureventfilters.eu\/4810-large_default\/filtr-eu5-do-swegon-gold-ex04-erx-355x425x335.jpg\" alt=\"Filtr EU5 do SWEGON GOLD EX04 ERX (355x425x335)\" \/><\/p>\n","protected":false},"excerpt":{"rendered":"<p>Cena dotyczy 1szt. filtra.\u00a0Filtr kieszeniowy klasy \u00a0M5 \/ EU5 \u00a0o wymiarach\u00a0 355x425x335 \u00a0mm do centrali\u00a0 SWEGON GOLD EX04 ERX Przed zakupem prosimy o weryfikacj\u0119 wymiar\u00f3w filtr\u00f3w podanych w ofercie z rzeczywistymi wymiarami filtr\u00f3w montowanych w centrali. Produkt jest zamiennikiem. Nazwy urz\u0105dze\u0144, cz\u0119\u015bci i marek zosta\u0142y u\u017cyte w celu identyfikacji produktu. Poni\u017cej przedstawiamy sprzedawany produkt:<\/p>\n","protected":false},"featured_media":92969,"template":"","meta":[],"_links":{"self":[{"href":"https:\/\/profitstore.pl\/index.php\/wp-json\/wp\/v2\/product\/92968"}],"collection":[{"href":"https:\/\/profitstore.pl\/index.php\/wp-json\/wp\/v2\/product"}],"about":[{"href":"https:\/\/profitstore.pl\/index.php\/wp-json\/wp\/v2\/types\/product"}],"wp:featuredmedia":[{"embeddable":true,"href":"https:\/\/profitstore.pl\/index.php\/wp-json\/wp\/v2\/media\/92969"}],"wp:attachment":[{"href":"https:\/\/profitstore.pl\/index.php\/wp-json\/wp\/v2\/media?parent=92968"}],"curies":[{"name":"wp","href":"https:\/\/api.w.org\/{rel}","templated":true}]}}