{"id":92959,"date":"2026-04-30T17:13:11","date_gmt":"2026-04-30T17:13:11","guid":{"rendered":"https:\/\/profitstore.pl\/index.php\/produkt\/filtr-eu5-do-ventus-100-490x490x500\/"},"modified":"2026-04-30T17:13:12","modified_gmt":"2026-04-30T17:13:12","slug":"filtr-eu5-do-ventus-100-490x490x500","status":"publish","type":"product","link":"https:\/\/profitstore.pl\/index.php\/produkt\/filtr-eu5-do-ventus-100-490x490x500\/","title":{"rendered":"Filtr EU5 do VENTUS 100 (490x490x500)"},"content":{"rendered":"<p>Zdj\u0119cie filtra jest jedynie pogl\u0105dowe, nazwy marek i urz\u0105dze\u0144 zosta\u0142y u\u017cyte w celu identyfikacji produktu.<\/p>\n<p>Poni\u017cej przedstawiamy sprzedawany produkt:<\/p>\n<p><img src=\"https:\/\/pureventfilters.eu\/4804-large_default\/filtr-eu5-do-ventus-100-490x490x500.jpg\" alt=\"Filtr EU5 do VENTUS 100 (490x490x500)\" \/><\/p>\n","protected":false},"excerpt":{"rendered":"<p>Zdj\u0119cie filtra jest jedynie pogl\u0105dowe, nazwy marek i urz\u0105dze\u0144 zosta\u0142y u\u017cyte w celu identyfikacji produktu. Poni\u017cej przedstawiamy sprzedawany produkt:<\/p>\n","protected":false},"featured_media":92960,"template":"","meta":[],"_links":{"self":[{"href":"https:\/\/profitstore.pl\/index.php\/wp-json\/wp\/v2\/product\/92959"}],"collection":[{"href":"https:\/\/profitstore.pl\/index.php\/wp-json\/wp\/v2\/product"}],"about":[{"href":"https:\/\/profitstore.pl\/index.php\/wp-json\/wp\/v2\/types\/product"}],"wp:featuredmedia":[{"embeddable":true,"href":"https:\/\/profitstore.pl\/index.php\/wp-json\/wp\/v2\/media\/92960"}],"wp:attachment":[{"href":"https:\/\/profitstore.pl\/index.php\/wp-json\/wp\/v2\/media?parent=92959"}],"curies":[{"name":"wp","href":"https:\/\/api.w.org\/{rel}","templated":true}]}}