{"id":92947,"date":"2026-04-22T07:04:07","date_gmt":"2026-04-22T07:04:07","guid":{"rendered":"https:\/\/profitstore.pl\/index.php\/produkt\/filtr-eu4-do-central-dospel-2-45-6-7-75-85-287x592x300\/"},"modified":"2026-04-22T07:04:07","modified_gmt":"2026-04-22T07:04:07","slug":"filtr-eu4-do-central-dospel-2-45-6-7-75-85-287x592x300","status":"publish","type":"product","link":"https:\/\/profitstore.pl\/index.php\/produkt\/filtr-eu4-do-central-dospel-2-45-6-7-75-85-287x592x300\/","title":{"rendered":"Filtr EU4 do central DOSPEL 2 \/ 4,5 \/ 6 \/ 7 \/ 7,5 \/ 8,5 (287x592x300)"},"content":{"rendered":"<p>Cena dotyczy 1szt. filtra.\u00a0Filtr kieszeniowy klasy\u00a0 G4 \/ EU4\u00a0 o wymiarach \u00a0287x592x300 \u00a0mm\u00a0do centrali\u00a0 DOSPEL: DOSPEL 2 DOSPEL 4,5 DOSPEL 6 DOSPEL 7 DOSPEL 7,5 DOSPEL 8,5 Przed zakupem prosimy o weryfikacj\u0119 wymiar\u00f3w filtr\u00f3w podanych w ofercie z rzeczywistymi wymiarami filtr\u00f3w montowanych w centrali. Produkt jest zamiennikiem. Nazwy urz\u0105dze\u0144, cz\u0119\u015bci i marek zosta\u0142y u\u017cyte w celu identyfikacji produktu.<\/p>\n<p>Poni\u017cej przedstawiamy sprzedawany produkt:<\/p>\n<p><img src=\"https:\/\/pureventfilters.eu\/3998-large_default\/filtr-eu4-do-central-dospel-2-45-6-7-75-85-287x592x300.jpg\" alt=\"Filtr EU4 do central DOSPEL 2 \/ 4,5 \/ 6 \/ 7 \/ 7,5 \/ 8,5 (287x592x300)\" \/><\/p>\n","protected":false},"excerpt":{"rendered":"<p>Cena dotyczy 1szt. filtra.\u00a0Filtr kieszeniowy klasy\u00a0 G4 \/ EU4\u00a0 o wymiarach \u00a0287x592x300 \u00a0mm\u00a0do centrali\u00a0 DOSPEL: DOSPEL 2 DOSPEL 4,5 DOSPEL 6 DOSPEL 7 DOSPEL 7,5 DOSPEL 8,5 Przed zakupem prosimy o weryfikacj\u0119 wymiar\u00f3w filtr\u00f3w podanych w ofercie z rzeczywistymi wymiarami filtr\u00f3w montowanych w centrali. Produkt jest zamiennikiem. Nazwy urz\u0105dze\u0144, cz\u0119\u015bci i marek zosta\u0142y u\u017cyte w [&hellip;]<\/p>\n","protected":false},"featured_media":92948,"template":"","meta":[],"_links":{"self":[{"href":"https:\/\/profitstore.pl\/index.php\/wp-json\/wp\/v2\/product\/92947"}],"collection":[{"href":"https:\/\/profitstore.pl\/index.php\/wp-json\/wp\/v2\/product"}],"about":[{"href":"https:\/\/profitstore.pl\/index.php\/wp-json\/wp\/v2\/types\/product"}],"wp:featuredmedia":[{"embeddable":true,"href":"https:\/\/profitstore.pl\/index.php\/wp-json\/wp\/v2\/media\/92948"}],"wp:attachment":[{"href":"https:\/\/profitstore.pl\/index.php\/wp-json\/wp\/v2\/media?parent=92947"}],"curies":[{"name":"wp","href":"https:\/\/api.w.org\/{rel}","templated":true}]}}