{"id":926,"date":"2023-01-26T19:33:27","date_gmt":"2023-01-26T19:33:27","guid":{"rendered":"https:\/\/profitstore.pl\/index.php\/produkt\/import-placeholder-for-1279\/"},"modified":"2023-01-26T19:33:28","modified_gmt":"2023-01-26T19:33:28","slug":"fotel-gabinetowy-taurus","status":"publish","type":"product","link":"https:\/\/profitstore.pl\/index.php\/produkt\/fotel-gabinetowy-taurus\/","title":{"rendered":"Fotel gabinetowy TAURUS"},"content":{"rendered":"<p><strong>TAURUS\u00a0<\/strong>komfortowy fotel gabinetowy wykonany z eco sk\u00f3ry i eco sk\u00f3ry perforowanej, dodatkowo posiada k\u00f3\u0142ka powlekane kauczukiem<\/p>\n<p><span id=\"ctl00_ContentPlaceHolder1_Label4_\" class=\"tile-s-tekst-opis\" style=\"padding-right: 5px; font-variant-numeric: normal; font-variant-east-asian: normal; font-stretch: normal; font-size: 17.3333px; line-height: normal; font-family: 'Segoe UI';\">Opis produktu:<\/span><br style=\"color: #be0024; font-family: 'Segoe UI'; font-size: 17.3333px;\" \/><span id=\"ctl00_ContentPlaceHolder1_txtOpis\" style=\"color: #be0024; font-family: 'Segoe UI'; font-size: 11pt;\">mechanizm TILT, <\/span><\/p>\n<p><span id=\"ctl00_ContentPlaceHolder1_txtOpis\" style=\"color: #be0024; font-family: 'Segoe UI'; font-size: 11pt;\">k\u00f3\u0142ka powlekane kauczukiem, <\/span><\/p>\n<p><span id=\"ctl00_ContentPlaceHolder1_txtOpis\" style=\"color: #be0024; font-family: 'Segoe UI'; font-size: 11pt;\">wymiary: 66\/74\/119\u00f7129 cm, <\/span><\/p>\n<p><span id=\"ctl00_ContentPlaceHolder1_txtOpis\" style=\"color: #be0024; font-family: 'Segoe UI'; font-size: 11pt;\">materia\u0142: eco sk\u00f3ra \/ eco sk\u00f3ra perforowana,<\/span><\/p>\n<p><span id=\"ctl00_ContentPlaceHolder1_txtOpis\" style=\"color: #be0024; font-family: 'Segoe UI'; font-size: 11pt;\"> kolor: czarny<\/span><\/p>\n<p><img src=\"https:\/\/zamowienia.halmar.pl\/Upload\/d41d8cd98f00b204e9800998ecf8427e\/17d242d57ec25a36822f2865d6b0bf1d.jpeg?131843330285492979\" alt=\"\" \/><\/p>\n","protected":false},"excerpt":{"rendered":"<p>TAURUS\u00a0komfortowy fotel gabinetowy wykonany z eco sk\u00f3ry i eco sk\u00f3ry perforowanej, dodatkowo posiada k\u00f3\u0142ka powlekane kauczukiem Opis produktu:mechanizm TILT, k\u00f3\u0142ka powlekane kauczukiem, wymiary: 66\/74\/119\u00f7129 cm, materia\u0142: eco sk\u00f3ra \/ eco sk\u00f3ra perforowana, kolor: czarny<\/p>\n","protected":false},"featured_media":0,"template":"","meta":[],"_links":{"self":[{"href":"https:\/\/profitstore.pl\/index.php\/wp-json\/wp\/v2\/product\/926"}],"collection":[{"href":"https:\/\/profitstore.pl\/index.php\/wp-json\/wp\/v2\/product"}],"about":[{"href":"https:\/\/profitstore.pl\/index.php\/wp-json\/wp\/v2\/types\/product"}],"wp:attachment":[{"href":"https:\/\/profitstore.pl\/index.php\/wp-json\/wp\/v2\/media?parent=926"}],"curies":[{"name":"wp","href":"https:\/\/api.w.org\/{rel}","templated":true}]}}