{"id":89895,"date":"2023-08-21T17:09:39","date_gmt":"2023-08-21T17:09:39","guid":{"rendered":"https:\/\/profitstore.pl\/index.php\/produkt\/gumka-do-maseczek-17cm-produkcja-maseczek-100szt-granatowy\/"},"modified":"2023-08-21T17:09:40","modified_gmt":"2023-08-21T17:09:40","slug":"gumka-do-maseczek-17cm-produkcja-maseczek-100szt-granatowy","status":"publish","type":"product","link":"https:\/\/profitstore.pl\/index.php\/produkt\/gumka-do-maseczek-17cm-produkcja-maseczek-100szt-granatowy\/","title":{"rendered":"Gumka do maseczek 17cm produkcja maseczek 100szt. GRANATOWY"},"content":{"rendered":"<p>elastyczna, rozci\u0105gliwa d\u0142ugo\u015b\u0107: 17cm szeroko\u015b\u0107: 4-7mm<\/p>\n<p>Poni\u017cej przedstawiamy sprzedawany produkt:<\/p>\n<p><img src=\"https:\/\/pureventfilters.eu\/3765-large_default\/gumka-do-maseczek-17cm-produkcja-maseczek-100szt-granatowy.jpg\" alt=\"Gumka do maseczek 17cm produkcja maseczek 100szt. GRANATOWY\" \/><\/p>\n","protected":false},"excerpt":{"rendered":"<p>elastyczna, rozci\u0105gliwa d\u0142ugo\u015b\u0107: 17cm szeroko\u015b\u0107: 4-7mm Poni\u017cej przedstawiamy sprzedawany produkt:<\/p>\n","protected":false},"featured_media":89896,"template":"","meta":[],"_links":{"self":[{"href":"https:\/\/profitstore.pl\/index.php\/wp-json\/wp\/v2\/product\/89895"}],"collection":[{"href":"https:\/\/profitstore.pl\/index.php\/wp-json\/wp\/v2\/product"}],"about":[{"href":"https:\/\/profitstore.pl\/index.php\/wp-json\/wp\/v2\/types\/product"}],"wp:featuredmedia":[{"embeddable":true,"href":"https:\/\/profitstore.pl\/index.php\/wp-json\/wp\/v2\/media\/89896"}],"wp:attachment":[{"href":"https:\/\/profitstore.pl\/index.php\/wp-json\/wp\/v2\/media?parent=89895"}],"curies":[{"name":"wp","href":"https:\/\/api.w.org\/{rel}","templated":true}]}}