{"id":889,"date":"2023-01-26T19:33:27","date_gmt":"2023-01-26T19:33:27","guid":{"rendered":"https:\/\/profitstore.pl\/index.php\/produkt\/import-placeholder-for-1272\/"},"modified":"2023-01-26T19:33:33","modified_gmt":"2023-01-26T19:33:33","slug":"fotel-gabinetowy-signet","status":"publish","type":"product","link":"https:\/\/profitstore.pl\/index.php\/produkt\/fotel-gabinetowy-signet\/","title":{"rendered":"Fotel gabinetowy SIGNET"},"content":{"rendered":"<p><strong>NOWO\u015a\u0106!!<\/strong><\/p>\n<p><strong>SIGNET\u00a0<\/strong>nowoczesny fotel gabinetowy wykonany z eco sk\u00f3ry i eco sk\u00f3ry perforowanej czarnej z dodatkiem popielu i pi\u0119knej limonki<\/p>\n<p><span id=\"ctl00_ContentPlaceHolder1_Label4_\" class=\"tile-s-tekst-opis\" style=\"padding-right: 5px; font-variant-numeric: normal; font-variant-east-asian: normal; font-stretch: normal; font-size: 17.3333px; line-height: normal; font-family: 'Segoe UI';\">Opis produktu:<\/span><br style=\"color: #be0024; font-family: 'Segoe UI'; font-size: 17.3333px;\" \/><span id=\"ctl00_ContentPlaceHolder1_txtOpis\" style=\"color: #be0024; font-family: 'Segoe UI'; font-size: 11pt;\">wymiary: 64\/75\/115-125\/44-54 cm, <\/span><\/p>\n<p><span id=\"ctl00_ContentPlaceHolder1_txtOpis\" style=\"color: #be0024; font-family: 'Segoe UI'; font-size: 11pt;\">mechanizm TILT, <\/span><\/p>\n<p><span id=\"ctl00_ContentPlaceHolder1_txtOpis\" style=\"color: #be0024; font-family: 'Segoe UI'; font-size: 11pt;\">eko sk\u00f3ra \/ eco sk\u00f3ra perforowana,<\/span><\/p>\n<p><span id=\"ctl00_ContentPlaceHolder1_txtOpis\" style=\"color: #be0024; font-family: 'Segoe UI'; font-size: 11pt;\"> kolor: czarno &#8211; popielaty<\/span><\/p>\n<p>\u00a0<\/p>\n<p><strong><span style=\"color: #be0024; font-family: 'Segoe UI'; font-size: 11pt;\">W celu z\u0142o\u017cenia zam\u00f3wienia prosz\u0119 pyta\u0107 o dost\u0119pno\u015b\u0107<\/span><\/strong><\/p>\n<p><img src=\"https:\/\/zamowienia.halmar.pl\/Upload\/d41d8cd98f00b204e9800998ecf8427e\/31b925d1237c386665481bcb4c7c881f.jpeg?131843243974545482\" alt=\"\" \/><\/p>\n","protected":false},"excerpt":{"rendered":"<p>NOWO\u015a\u0106!! SIGNET\u00a0nowoczesny fotel gabinetowy wykonany z eco sk\u00f3ry i eco sk\u00f3ry perforowanej czarnej z dodatkiem popielu i pi\u0119knej limonki Opis produktu:wymiary: 64\/75\/115-125\/44-54 cm, mechanizm TILT, eko sk\u00f3ra \/ eco sk\u00f3ra perforowana, kolor: czarno &#8211; popielaty \u00a0 W celu z\u0142o\u017cenia zam\u00f3wienia prosz\u0119 pyta\u0107 o dost\u0119pno\u015b\u0107<\/p>\n","protected":false},"featured_media":0,"template":"","meta":[],"_links":{"self":[{"href":"https:\/\/profitstore.pl\/index.php\/wp-json\/wp\/v2\/product\/889"}],"collection":[{"href":"https:\/\/profitstore.pl\/index.php\/wp-json\/wp\/v2\/product"}],"about":[{"href":"https:\/\/profitstore.pl\/index.php\/wp-json\/wp\/v2\/types\/product"}],"wp:attachment":[{"href":"https:\/\/profitstore.pl\/index.php\/wp-json\/wp\/v2\/media?parent=889"}],"curies":[{"name":"wp","href":"https:\/\/api.w.org\/{rel}","templated":true}]}}