{"id":83180,"date":"2022-01-26T13:34:20","date_gmt":"2022-01-26T13:34:20","guid":{"rendered":"https:\/\/profitstore.pl\/?post_type=product&#038;p=83180"},"modified":"2022-01-26T13:40:16","modified_gmt":"2022-01-26T13:40:16","slug":"materacyk-podkladka-przeciwodlezynowa-jezowa-w-pokrowcu-10-cm-bez-otworu","status":"publish","type":"product","link":"https:\/\/profitstore.pl\/index.php\/produkt\/materacyk-podkladka-przeciwodlezynowa-jezowa-w-pokrowcu-10-cm-bez-otworu\/","title":{"rendered":"Materacyk\/ podk\u0142adka przeciwodle\u017cynowa je\u017cowa w pokrowcu 10 cm bez otworu"},"content":{"rendered":"","protected":false},"excerpt":{"rendered":"","protected":false},"featured_media":0,"template":"","meta":[],"_links":{"self":[{"href":"https:\/\/profitstore.pl\/index.php\/wp-json\/wp\/v2\/product\/83180"}],"collection":[{"href":"https:\/\/profitstore.pl\/index.php\/wp-json\/wp\/v2\/product"}],"about":[{"href":"https:\/\/profitstore.pl\/index.php\/wp-json\/wp\/v2\/types\/product"}],"wp:attachment":[{"href":"https:\/\/profitstore.pl\/index.php\/wp-json\/wp\/v2\/media?parent=83180"}],"curies":[{"name":"wp","href":"https:\/\/api.w.org\/{rel}","templated":true}]}}