{"id":74463,"date":"2026-04-29T17:18:28","date_gmt":"2026-04-29T17:18:28","guid":{"rendered":"https:\/\/profitstore.pl\/index.php\/produkt\/filtr-eu7-do-bartosz-vena-optima-4-pro-430x280x48\/"},"modified":"2026-04-29T17:18:28","modified_gmt":"2026-04-29T17:18:28","slug":"filtr-eu7-do-bartosz-vena-optima-4-pro-430x280x48","status":"publish","type":"product","link":"https:\/\/profitstore.pl\/index.php\/produkt\/filtr-eu7-do-bartosz-vena-optima-4-pro-430x280x48\/","title":{"rendered":"Filtr EU7 do Bartosz Vena Optima 4 PRO (430x280x48)"},"content":{"rendered":"<p>Filtr kasetowy\u00a0klasy\u00a0F7\/EU7 pasuj\u0105cych do centrali wentylacyjnej BARTOSZ. Filtry s\u0105 zamiennikami, nazwy producent\u00f3w i marek zosta\u0142y u\u017cyte w celu identyfikacji produktu.<\/p>\n<p>Poni\u017cej przedstawiamy sprzedawany produkt:<\/p>\n<p><img src=\"https:\/\/pureventfilters.eu\/4791-large_default\/filtr-eu7-do-bartosz-vena-optima-4-pro-430x280x48.jpg\" alt=\"Filtr EU7 do Bartosz Vena Optima 4 PRO (430x280x48)\" \/><\/p>\n","protected":false},"excerpt":{"rendered":"<p>Filtr kasetowy\u00a0klasy\u00a0F7\/EU7 pasuj\u0105cych do centrali wentylacyjnej BARTOSZ. Filtry s\u0105 zamiennikami, nazwy producent\u00f3w i marek zosta\u0142y u\u017cyte w celu identyfikacji produktu. Poni\u017cej przedstawiamy sprzedawany produkt:<\/p>\n","protected":false},"featured_media":74464,"template":"","meta":[],"_links":{"self":[{"href":"https:\/\/profitstore.pl\/index.php\/wp-json\/wp\/v2\/product\/74463"}],"collection":[{"href":"https:\/\/profitstore.pl\/index.php\/wp-json\/wp\/v2\/product"}],"about":[{"href":"https:\/\/profitstore.pl\/index.php\/wp-json\/wp\/v2\/types\/product"}],"wp:featuredmedia":[{"embeddable":true,"href":"https:\/\/profitstore.pl\/index.php\/wp-json\/wp\/v2\/media\/74464"}],"wp:attachment":[{"href":"https:\/\/profitstore.pl\/index.php\/wp-json\/wp\/v2\/media?parent=74463"}],"curies":[{"name":"wp","href":"https:\/\/api.w.org\/{rel}","templated":true}]}}