{"id":73220,"date":"2026-04-30T07:28:16","date_gmt":"2026-04-30T07:28:16","guid":{"rendered":"https:\/\/profitstore.pl\/index.php\/produkt\/filtr-eu5-do-ventilus-390-q1-450x210x40-epm10-55\/"},"modified":"2026-04-30T07:28:16","modified_gmt":"2026-04-30T07:28:16","slug":"filtr-eu5-do-ventilus-390-q1-450x210x40-epm10-55","status":"publish","type":"product","link":"https:\/\/profitstore.pl\/index.php\/produkt\/filtr-eu5-do-ventilus-390-q1-450x210x40-epm10-55\/","title":{"rendered":"Filtr EU5 do VENTILUS 390 Q1 (450x210x40) ePM10 55%"},"content":{"rendered":"<p>Filtr\u00a0 kasetowy \u00a0klasy\u00a0M5 \/ EU5 \/ ePM10 55%\u00a0pasuj\u0105cych do central wentylacyjnych\u00a0 Ventilus 390 Q1 Filtry s\u0105 zamiennikami, nazwy producent\u00f3w i marek zosta\u0142y u\u017cyte w celu identyfikacji produktu.<\/p>\n<p>Poni\u017cej przedstawiamy sprzedawany produkt:<\/p>\n<p><img src=\"https:\/\/pureventfilters.eu\/4780-large_default\/filtr-eu5-do-ventilus-390-q1-450x210x40-epm10-55.jpg\" alt=\"Filtr EU5 do VENTILUS 390 Q1 (450x210x40) ePM10 55%\" \/><\/p>\n","protected":false},"excerpt":{"rendered":"<p>Filtr\u00a0 kasetowy \u00a0klasy\u00a0M5 \/ EU5 \/ ePM10 55%\u00a0pasuj\u0105cych do central wentylacyjnych\u00a0 Ventilus 390 Q1 Filtry s\u0105 zamiennikami, nazwy producent\u00f3w i marek zosta\u0142y u\u017cyte w celu identyfikacji produktu. Poni\u017cej przedstawiamy sprzedawany produkt:<\/p>\n","protected":false},"featured_media":73221,"template":"","meta":[],"_links":{"self":[{"href":"https:\/\/profitstore.pl\/index.php\/wp-json\/wp\/v2\/product\/73220"}],"collection":[{"href":"https:\/\/profitstore.pl\/index.php\/wp-json\/wp\/v2\/product"}],"about":[{"href":"https:\/\/profitstore.pl\/index.php\/wp-json\/wp\/v2\/types\/product"}],"wp:featuredmedia":[{"embeddable":true,"href":"https:\/\/profitstore.pl\/index.php\/wp-json\/wp\/v2\/media\/73221"}],"wp:attachment":[{"href":"https:\/\/profitstore.pl\/index.php\/wp-json\/wp\/v2\/media?parent=73220"}],"curies":[{"name":"wp","href":"https:\/\/api.w.org\/{rel}","templated":true}]}}