{"id":704,"date":"2021-03-19T07:36:47","date_gmt":"2021-03-19T07:36:47","guid":{"rendered":"https:\/\/profitstore.pl\/index.php\/produkt\/import-placeholder-for-1172\/"},"modified":"2021-03-19T07:36:56","modified_gmt":"2021-03-19T07:36:56","slug":"biurko-mlodziezowe-fabri","status":"publish","type":"product","link":"https:\/\/profitstore.pl\/index.php\/produkt\/biurko-mlodziezowe-fabri\/","title":{"rendered":"Biurko m\u0142odzie\u017cowe FABRI"},"content":{"rendered":"<p>Pi\u0119kne biurko m\u0142odzie\u017cowe FABRI w nowoczesnym stylu<\/p>\n<p><span id=\"ctl00_ContentPlaceHolder1_Label4_\" class=\"tile-s-tekst-opis\" style=\"padding-right: 5px; font-variant-numeric: normal; font-variant-east-asian: normal; font-stretch: normal; font-size: 17.3333px; line-height: normal; font-family: 'Segoe UI';\">Opis produktu:<\/span><br style=\"color: #be0024; font-family: 'Segoe UI'; font-size: 17.3333px;\" \/><span id=\"ctl00_ContentPlaceHolder1_txtOpis\" style=\"color: #be0024; font-family: 'Segoe UI'; font-size: 11pt;\">wymiary: 120\/55\/75 cm, <\/span><\/p>\n<p><span id=\"ctl00_ContentPlaceHolder1_txtOpis\" style=\"color: #be0024; font-family: 'Segoe UI'; font-size: 11pt;\">materia\u0142: p\u0142yta meblowa laminowana,<\/span><\/p>\n<p><span id=\"ctl00_ContentPlaceHolder1_txtOpis\" style=\"color: #be0024; font-family: 'Segoe UI'; font-size: 11pt;\"> szuflady na prowadnicach kulkowych z pe\u0142nym wysuwem, <\/span><\/p>\n<p><span id=\"ctl00_ContentPlaceHolder1_txtOpis\" style=\"color: #be0024; font-family: 'Segoe UI'; font-size: 11pt;\">kolor: d\u0105b z\u0142oty \/ bia\u0142y<\/span><\/p>\n<p><img src=\"https:\/\/zamowienia.halmar.pl\/Upload\/d41d8cd98f00b204e9800998ecf8427e\/2a830afcbeebd3b02c42e49f2723110a.jpeg?131830539372144926\" alt=\"\" \/><\/p>\n","protected":false},"excerpt":{"rendered":"<p>Pi\u0119kne biurko m\u0142odzie\u017cowe FABRI w nowoczesnym stylu Opis produktu:wymiary: 120\/55\/75 cm, materia\u0142: p\u0142yta meblowa laminowana, szuflady na prowadnicach kulkowych z pe\u0142nym wysuwem, kolor: d\u0105b z\u0142oty \/ bia\u0142y<\/p>\n","protected":false},"featured_media":0,"template":"","meta":[],"_links":{"self":[{"href":"https:\/\/profitstore.pl\/index.php\/wp-json\/wp\/v2\/product\/704"}],"collection":[{"href":"https:\/\/profitstore.pl\/index.php\/wp-json\/wp\/v2\/product"}],"about":[{"href":"https:\/\/profitstore.pl\/index.php\/wp-json\/wp\/v2\/types\/product"}],"wp:attachment":[{"href":"https:\/\/profitstore.pl\/index.php\/wp-json\/wp\/v2\/media?parent=704"}],"curies":[{"name":"wp","href":"https:\/\/api.w.org\/{rel}","templated":true}]}}