{"id":702,"date":"2021-03-19T07:36:47","date_gmt":"2021-03-19T07:36:47","guid":{"rendered":"https:\/\/profitstore.pl\/index.php\/produkt\/import-placeholder-for-1170\/"},"modified":"2021-03-19T07:36:57","modified_gmt":"2021-03-19T07:36:57","slug":"biurko-dzieciece-eskimo-b-1","status":"publish","type":"product","link":"https:\/\/profitstore.pl\/index.php\/produkt\/biurko-dzieciece-eskimo-b-1\/","title":{"rendered":"Biurko dzieci\u0119ce ESKIMO B-1"},"content":{"rendered":"<p>Nowoczesne biurko z szufladami ESKIMO B-1<\/p>\n<p><span id=\"ctl00_ContentPlaceHolder1_Label4_\" class=\"tile-s-tekst-opis\" style=\"padding-right: 5px; font-variant-numeric: normal; font-variant-east-asian: normal; font-stretch: normal; font-size: 17.3333px; line-height: normal; font-family: 'Segoe UI';\">Opis produktu:<\/span><br style=\"color: #be0024; font-family: 'Segoe UI'; font-size: 17.3333px;\" \/><span id=\"ctl00_ContentPlaceHolder1_txtOpis\" style=\"color: #be0024; font-family: 'Segoe UI'; font-size: 11pt;\">wymiary: 120\/60\/76 cm,<\/span><\/p>\n<p><span id=\"ctl00_ContentPlaceHolder1_txtOpis\" style=\"color: #be0024; font-family: 'Segoe UI'; font-size: 11pt;\"> materia\u0142: MDF lakierowany \/ p\u0142yta meblowa laminowana, <\/span><\/p>\n<p><span id=\"ctl00_ContentPlaceHolder1_txtOpis\" style=\"color: #be0024; font-family: 'Segoe UI'; font-size: 11pt;\">obrze\u017ca ABS, <\/span><\/p>\n<p><span id=\"ctl00_ContentPlaceHolder1_txtOpis\" style=\"color: #be0024; font-family: 'Segoe UI'; font-size: 11pt;\">kolor: bia\u0142y<\/span><\/p>\n<p><img src=\"https:\/\/zamowienia.halmar.pl\/Upload\/d41d8cd98f00b204e9800998ecf8427e\/633a546e4d5efd7773d258f2c4b2779b.jpeg?131835709669764765\" alt=\"\" \/><\/p>\n","protected":false},"excerpt":{"rendered":"<p>Nowoczesne biurko z szufladami ESKIMO B-1 Opis produktu:wymiary: 120\/60\/76 cm, materia\u0142: MDF lakierowany \/ p\u0142yta meblowa laminowana, obrze\u017ca ABS, kolor: bia\u0142y<\/p>\n","protected":false},"featured_media":0,"template":"","meta":[],"_links":{"self":[{"href":"https:\/\/profitstore.pl\/index.php\/wp-json\/wp\/v2\/product\/702"}],"collection":[{"href":"https:\/\/profitstore.pl\/index.php\/wp-json\/wp\/v2\/product"}],"about":[{"href":"https:\/\/profitstore.pl\/index.php\/wp-json\/wp\/v2\/types\/product"}],"wp:attachment":[{"href":"https:\/\/profitstore.pl\/index.php\/wp-json\/wp\/v2\/media?parent=702"}],"curies":[{"name":"wp","href":"https:\/\/api.w.org\/{rel}","templated":true}]}}