{"id":69990,"date":"2021-10-11T17:03:28","date_gmt":"2021-10-11T17:03:28","guid":{"rendered":"https:\/\/profitstore.pl\/index.php\/produkt\/filtr-eu5-do-vents-450x210x40\/"},"modified":"2022-08-25T09:33:10","modified_gmt":"2022-08-25T09:33:10","slug":"filtr-eu5-do-vents-450x210x40","status":"publish","type":"product","link":"https:\/\/profitstore.pl\/index.php\/produkt\/filtr-eu5-do-vents-450x210x40\/","title":{"rendered":"Filtr EU5 do VENTS (450x210x40)"},"content":{"rendered":"<p>Filtr\u00a0 kasetowy \u00a0klasy\u00a0F7 \/ EU7\u00a0pasuj\u0105cych do central wentylacyjnych\u00a0 VENTS Filtry s\u0105 zamiennikami, nazwy producent\u00f3w i marek zosta\u0142y u\u017cyte w celu identyfikacji produktu.<\/p>\n<p>Poni\u017cej przedstawiamy sprzedawany produkt:<\/p>\n<p><img src=\"https:\/\/pureventfilters.eu\/4780-large_default\/filtr-eu5-do-vents-450x210x40.jpg\" alt=\"Filtr EU5 do VENTS (450x210x40)\" \/><\/p>\n","protected":false},"excerpt":{"rendered":"<p>Filtr\u00a0 kasetowy \u00a0klasy\u00a0F7 \/ EU7\u00a0pasuj\u0105cych do central wentylacyjnych\u00a0 VENTS Filtry s\u0105 zamiennikami, nazwy producent\u00f3w i marek zosta\u0142y u\u017cyte w celu identyfikacji produktu. Poni\u017cej przedstawiamy sprzedawany produkt:<\/p>\n","protected":false},"featured_media":69991,"template":"","meta":[],"_links":{"self":[{"href":"https:\/\/profitstore.pl\/index.php\/wp-json\/wp\/v2\/product\/69990"}],"collection":[{"href":"https:\/\/profitstore.pl\/index.php\/wp-json\/wp\/v2\/product"}],"about":[{"href":"https:\/\/profitstore.pl\/index.php\/wp-json\/wp\/v2\/types\/product"}],"wp:featuredmedia":[{"embeddable":true,"href":"https:\/\/profitstore.pl\/index.php\/wp-json\/wp\/v2\/media\/69991"}],"wp:attachment":[{"href":"https:\/\/profitstore.pl\/index.php\/wp-json\/wp\/v2\/media?parent=69990"}],"curies":[{"name":"wp","href":"https:\/\/api.w.org\/{rel}","templated":true}]}}