{"id":698,"date":"2021-03-19T07:36:57","date_gmt":"2021-03-19T07:36:57","guid":{"rendered":"https:\/\/profitstore.pl\/index.php\/produkt\/import-placeholder-for-1166\/"},"modified":"2021-03-19T07:36:59","modified_gmt":"2021-03-19T07:36:59","slug":"biurko-dla-chlopca-paco","status":"publish","type":"product","link":"https:\/\/profitstore.pl\/index.php\/produkt\/biurko-dla-chlopca-paco\/","title":{"rendered":"Biurko dla ch\u0142opca &#8211; PACO"},"content":{"rendered":"<p>Pi\u0119kne niebiesko &#8211; bia\u0142e biurko dla ch\u0142opca &#8211; PACO<\/p>\n<p><span id=\"ctl00_ContentPlaceHolder1_Label4_\" class=\"tile-s-tekst-opis\" style=\"padding-right: 5px; font-variant-numeric: normal; font-variant-east-asian: normal; font-stretch: normal; font-size: 17.3333px; line-height: normal; font-family: 'Segoe UI';\">Opis produktu:<\/span><br style=\"color: #be0024; font-family: 'Segoe UI'; font-size: 17.3333px;\" \/><span id=\"ctl00_ContentPlaceHolder1_txtOpis\" style=\"color: #be0024; font-family: 'Segoe UI'; font-size: 11pt;\">biurko z regulowan\u0105 wysoko\u015bci\u0105 blatu oraz regulowanym k\u0105tem blatu,<\/span><\/p>\n<p><span id=\"ctl00_ContentPlaceHolder1_txtOpis\" style=\"color: #be0024; font-family: 'Segoe UI'; font-size: 11pt;\"> wymiary: 109\/55\/65\u00f793 cm,<\/span><\/p>\n<p><span id=\"ctl00_ContentPlaceHolder1_txtOpis\" style=\"color: #be0024; font-family: 'Segoe UI'; font-size: 11pt;\"> materia\u0142: MDF \/ drewno lite lakierowane,<\/span><\/p>\n<p><span id=\"ctl00_ContentPlaceHolder1_txtOpis\" style=\"color: #be0024; font-family: 'Segoe UI'; font-size: 11pt;\"> kolor: niebiesko &#8211; bia\u0142y<\/span><\/p>\n<p><img src=\"https:\/\/zamowienia.halmar.pl\/Upload\/d41d8cd98f00b204e9800998ecf8427e\/442208bf1084b2e2bdc56b7bc567a9e9.jpeg?131835595213648746\" alt=\"\" \/><\/p>\n","protected":false},"excerpt":{"rendered":"<p>Pi\u0119kne niebiesko &#8211; bia\u0142e biurko dla ch\u0142opca &#8211; PACO Opis produktu:biurko z regulowan\u0105 wysoko\u015bci\u0105 blatu oraz regulowanym k\u0105tem blatu, wymiary: 109\/55\/65\u00f793 cm, materia\u0142: MDF \/ drewno lite lakierowane, kolor: niebiesko &#8211; bia\u0142y<\/p>\n","protected":false},"featured_media":0,"template":"","meta":[],"_links":{"self":[{"href":"https:\/\/profitstore.pl\/index.php\/wp-json\/wp\/v2\/product\/698"}],"collection":[{"href":"https:\/\/profitstore.pl\/index.php\/wp-json\/wp\/v2\/product"}],"about":[{"href":"https:\/\/profitstore.pl\/index.php\/wp-json\/wp\/v2\/types\/product"}],"wp:attachment":[{"href":"https:\/\/profitstore.pl\/index.php\/wp-json\/wp\/v2\/media?parent=698"}],"curies":[{"name":"wp","href":"https:\/\/api.w.org\/{rel}","templated":true}]}}