{"id":65097,"date":"2026-04-30T17:13:14","date_gmt":"2026-04-30T17:13:14","guid":{"rendered":"https:\/\/profitstore.pl\/index.php\/produkt\/filtr-eu4-do-vts-vbw-490x592x300\/"},"modified":"2026-04-30T17:13:15","modified_gmt":"2026-04-30T17:13:15","slug":"filtr-eu4-do-vts-vbw-490x592x300","status":"publish","type":"product","link":"https:\/\/profitstore.pl\/index.php\/produkt\/filtr-eu4-do-vts-vbw-490x592x300\/","title":{"rendered":"Filtr EU4 do VTS VBW  (490x592x300)"},"content":{"rendered":"<p>Filtr\u00a0 kieszeniowy \u00a0klasy\u00a0 G4 \/ EU4 \u00a0o wymiarach\u00a0 490x592x300 \u00a0mm\u00a0w\u00a0ramce metalowej pasuj\u0105cy do central\u00a0 VBW, centrali dachowej BD. VTS. Filtry s\u0105 zamiennikami, nazwy producent\u00f3w i marek zosta\u0142y u\u017cyte w celu identyfikacji produktu.<\/p>\n<p>Poni\u017cej przedstawiamy sprzedawany produkt:<\/p>\n<p><img src=\"https:\/\/pureventfilters.eu\/4772-large_default\/filtr-eu4-do-vts-vbw-490x592x300.jpg\" alt=\"Filtr EU4 do VTS VBW  (490x592x300)\" \/><\/p>\n","protected":false},"excerpt":{"rendered":"<p>Filtr\u00a0 kieszeniowy \u00a0klasy\u00a0 G4 \/ EU4 \u00a0o wymiarach\u00a0 490x592x300 \u00a0mm\u00a0w\u00a0ramce metalowej pasuj\u0105cy do central\u00a0 VBW, centrali dachowej BD. VTS. Filtry s\u0105 zamiennikami, nazwy producent\u00f3w i marek zosta\u0142y u\u017cyte w celu identyfikacji produktu. Poni\u017cej przedstawiamy sprzedawany produkt:<\/p>\n","protected":false},"featured_media":65098,"template":"","meta":[],"_links":{"self":[{"href":"https:\/\/profitstore.pl\/index.php\/wp-json\/wp\/v2\/product\/65097"}],"collection":[{"href":"https:\/\/profitstore.pl\/index.php\/wp-json\/wp\/v2\/product"}],"about":[{"href":"https:\/\/profitstore.pl\/index.php\/wp-json\/wp\/v2\/types\/product"}],"wp:featuredmedia":[{"embeddable":true,"href":"https:\/\/profitstore.pl\/index.php\/wp-json\/wp\/v2\/media\/65098"}],"wp:attachment":[{"href":"https:\/\/profitstore.pl\/index.php\/wp-json\/wp\/v2\/media?parent=65097"}],"curies":[{"name":"wp","href":"https:\/\/api.w.org\/{rel}","templated":true}]}}