{"id":65035,"date":"2026-04-30T17:13:05","date_gmt":"2026-04-30T17:13:05","guid":{"rendered":"https:\/\/profitstore.pl\/index.php\/produkt\/filtr-g4-do-dantherm-hcv-700-560x158x48\/"},"modified":"2026-04-30T17:13:07","modified_gmt":"2026-04-30T17:13:07","slug":"filtr-g4-do-dantherm-hcv-700-560x158x48","status":"publish","type":"product","link":"https:\/\/profitstore.pl\/index.php\/produkt\/filtr-g4-do-dantherm-hcv-700-560x158x48\/","title":{"rendered":"Filtr G4 do Dantherm HCV 700 (560x158x48)"},"content":{"rendered":"<p>Filtr jest zamiennikiem. Nazwy marek i urz\u0105dze\u0144 zosta\u0142y u\u017cyte w celu identyfikacji produktu.<\/p>\n<p>Poni\u017cej przedstawiamy sprzedawany produkt:<\/p>\n<p><img src=\"https:\/\/pureventfilters.eu\/4478-large_default\/filtr-g4-do-dantherm-hcv-700-560x158x48.jpg\" alt=\"Filtr G4 do Dantherm HCV 700 (560x158x48)\" \/><\/p>\n","protected":false},"excerpt":{"rendered":"<p>Filtr jest zamiennikiem. Nazwy marek i urz\u0105dze\u0144 zosta\u0142y u\u017cyte w celu identyfikacji produktu. Poni\u017cej przedstawiamy sprzedawany produkt:<\/p>\n","protected":false},"featured_media":65036,"template":"","meta":[],"_links":{"self":[{"href":"https:\/\/profitstore.pl\/index.php\/wp-json\/wp\/v2\/product\/65035"}],"collection":[{"href":"https:\/\/profitstore.pl\/index.php\/wp-json\/wp\/v2\/product"}],"about":[{"href":"https:\/\/profitstore.pl\/index.php\/wp-json\/wp\/v2\/types\/product"}],"wp:featuredmedia":[{"embeddable":true,"href":"https:\/\/profitstore.pl\/index.php\/wp-json\/wp\/v2\/media\/65036"}],"wp:attachment":[{"href":"https:\/\/profitstore.pl\/index.php\/wp-json\/wp\/v2\/media?parent=65035"}],"curies":[{"name":"wp","href":"https:\/\/api.w.org\/{rel}","templated":true}]}}