{"id":65027,"date":"2026-04-30T17:13:03","date_gmt":"2026-04-30T17:13:03","guid":{"rendered":"https:\/\/profitstore.pl\/index.php\/produkt\/filtr-eu7-do-vents-vut-vue-300-h2-v2-mini-ec-240x184x40-epm1-70\/"},"modified":"2026-04-30T17:13:04","modified_gmt":"2026-04-30T17:13:04","slug":"filtr-eu7-do-vents-vut-vue-300-h2-v2-mini-ec-240x184x40-epm1-70","status":"publish","type":"product","link":"https:\/\/profitstore.pl\/index.php\/produkt\/filtr-eu7-do-vents-vut-vue-300-h2-v2-mini-ec-240x184x40-epm1-70\/","title":{"rendered":"Filtr EU7 do VENTS VUT VUE 300 H2\/V2 mini EC (240x184x40) ePM1 70%"},"content":{"rendered":"<p>Zapewnij sobie odpowiedni\u0105 jako\u015b\u0107 powietrza dzi\u0119ki skutecznym filtrom do centrali wentylacyjnych. W naszej ofercie znalaz\u0142 si\u0119 filtr do VENTS mini 300 \u2014 ten zamiennik oryginalnego akcesorium pozwala na maksymalne filtrowanie powietrza nawiewanego w Twoim domu, mieszkaniu b\u0105d\u017a biurze. Stosuj\u0105c centrale VENTS mini 300, gwarantujesz sobie nie tylko energooszcz\u0119dn\u0105 wentylacj\u0119 pomieszcze\u0144. Doposa\u017caj\u0105c si\u0119 w prezentowany filtr masz tak\u017ce pewno\u015b\u0107, \u017ce powietrze, kt\u00f3rym oddychaj\u0105 domownicy, jest pozbawione wszelkich alergen\u00f3w, bakterii i zanieczyszcze\u0144. To spos\u00f3b na zawsze zdrowe, bezpieczne oraz komfortowe przebywanie w budynku. Filtr pasuje do central VENTS: VENTS VUT 300 H2 mini EC A14; VENTS VUT 300 V2 mini EC A14; VENTS VUE 300 H2 mini EC A14; VENTS VUE 300 V2 mini EC A14. W centrali montowane s\u0105 dwie sztuki filtr\u00f3w: 1szt. G4 240 x 184 x 40 mm + 1 szt. filtra dok\u0142adnego F7 240 x 184 x 40 mm. Filtr jest zamiennikiem. Nazwy urz\u0105dze\u0144, cz\u0119\u015bci i marek zosta\u0142y u\u017cyte w celu identyfikacji produktu.<\/p>\n<p>Poni\u017cej przedstawiamy sprzedawany produkt:<\/p>\n<p><img src=\"https:\/\/pureventfilters.eu\/4447-large_default\/filtr-eu7-do-vents-vut-vue-300-h2v2-mini-ec-240x184x40-epm1-70.jpg\" alt=\"Filtr EU7 do VENTS VUT VUE 300 H2\/V2 mini EC (240x184x40) ePM1 70%\" \/><\/p>\n","protected":false},"excerpt":{"rendered":"<p>Zapewnij sobie odpowiedni\u0105 jako\u015b\u0107 powietrza dzi\u0119ki skutecznym filtrom do centrali wentylacyjnych. W naszej ofercie znalaz\u0142 si\u0119 filtr do VENTS mini 300 \u2014 ten zamiennik oryginalnego akcesorium pozwala na maksymalne filtrowanie powietrza nawiewanego w Twoim domu, mieszkaniu b\u0105d\u017a biurze. Stosuj\u0105c centrale VENTS mini 300, gwarantujesz sobie nie tylko energooszcz\u0119dn\u0105 wentylacj\u0119 pomieszcze\u0144. Doposa\u017caj\u0105c si\u0119 w prezentowany filtr [&hellip;]<\/p>\n","protected":false},"featured_media":65028,"template":"","meta":[],"_links":{"self":[{"href":"https:\/\/profitstore.pl\/index.php\/wp-json\/wp\/v2\/product\/65027"}],"collection":[{"href":"https:\/\/profitstore.pl\/index.php\/wp-json\/wp\/v2\/product"}],"about":[{"href":"https:\/\/profitstore.pl\/index.php\/wp-json\/wp\/v2\/types\/product"}],"wp:featuredmedia":[{"embeddable":true,"href":"https:\/\/profitstore.pl\/index.php\/wp-json\/wp\/v2\/media\/65028"}],"wp:attachment":[{"href":"https:\/\/profitstore.pl\/index.php\/wp-json\/wp\/v2\/media?parent=65027"}],"curies":[{"name":"wp","href":"https:\/\/api.w.org\/{rel}","templated":true}]}}