{"id":65023,"date":"2026-04-30T17:13:03","date_gmt":"2026-04-30T17:13:03","guid":{"rendered":"https:\/\/profitstore.pl\/index.php\/produkt\/filtr-eu4-do-vents-vutr-650-pe-ec-378x295x48-coarse\/"},"modified":"2026-04-30T17:13:03","modified_gmt":"2026-04-30T17:13:03","slug":"filtr-eu4-do-vents-vutr-650-pe-ec-378x295x48-coarse","status":"publish","type":"product","link":"https:\/\/profitstore.pl\/index.php\/produkt\/filtr-eu4-do-vents-vutr-650-pe-ec-378x295x48-coarse\/","title":{"rendered":"Filtr EU4 do VENTS VUTR 650 P(E) EC (378x295x48) Coarse"},"content":{"rendered":"<p>Filtr pasuje do central VENTS VUTR 650 P(E)\u00a0EC A21 W centrali montowane s\u0105 dwie sztuki filtr\u00f3w: 1szt. G4\u00a0378x295x48 + 1szt. filtra dok\u0142adnego F7 378x295x48. Filtr\u00a0jest zamiennikiem. Nazwy urz\u0105dze\u0144, cz\u0119\u015bci i marek zosta\u0142y u\u017cyte w celu identyfikacji produktu.<\/p>\n<p>Poni\u017cej przedstawiamy sprzedawany produkt:<\/p>\n<p><img src=\"https:\/\/pureventfilters.eu\/4444-large_default\/filtr-eu4-do-vents-vutr-650-pe-ec-378x295x48-coarse.jpg\" alt=\"Filtr EU4 do VENTS VUTR 650 P(E) EC (378x295x48) Coarse\" \/><\/p>\n","protected":false},"excerpt":{"rendered":"<p>Filtr pasuje do central VENTS VUTR 650 P(E)\u00a0EC A21 W centrali montowane s\u0105 dwie sztuki filtr\u00f3w: 1szt. G4\u00a0378x295x48 + 1szt. filtra dok\u0142adnego F7 378x295x48. Filtr\u00a0jest zamiennikiem. Nazwy urz\u0105dze\u0144, cz\u0119\u015bci i marek zosta\u0142y u\u017cyte w celu identyfikacji produktu. Poni\u017cej przedstawiamy sprzedawany produkt:<\/p>\n","protected":false},"featured_media":65024,"template":"","meta":[],"_links":{"self":[{"href":"https:\/\/profitstore.pl\/index.php\/wp-json\/wp\/v2\/product\/65023"}],"collection":[{"href":"https:\/\/profitstore.pl\/index.php\/wp-json\/wp\/v2\/product"}],"about":[{"href":"https:\/\/profitstore.pl\/index.php\/wp-json\/wp\/v2\/types\/product"}],"wp:featuredmedia":[{"embeddable":true,"href":"https:\/\/profitstore.pl\/index.php\/wp-json\/wp\/v2\/media\/65024"}],"wp:attachment":[{"href":"https:\/\/profitstore.pl\/index.php\/wp-json\/wp\/v2\/media?parent=65023"}],"curies":[{"name":"wp","href":"https:\/\/api.w.org\/{rel}","templated":true}]}}