{"id":65017,"date":"2026-04-30T17:13:00","date_gmt":"2026-04-30T17:13:00","guid":{"rendered":"https:\/\/profitstore.pl\/index.php\/produkt\/filtr-eu7-do-vents-vutr-250-pe-ec-260x220x48-epm1-70\/"},"modified":"2026-04-30T17:13:01","modified_gmt":"2026-04-30T17:13:01","slug":"filtr-eu7-do-vents-vutr-250-pe-ec-260x220x48-epm1-70","status":"publish","type":"product","link":"https:\/\/profitstore.pl\/index.php\/produkt\/filtr-eu7-do-vents-vutr-250-pe-ec-260x220x48-epm1-70\/","title":{"rendered":"Filtr EU7 do VENTS VUTR 250 P(E) EC (260x220x48) ePM1 70%"},"content":{"rendered":"<p>Filtr pasuje do central VENTS VUTR\u00a0250 P(E)\u00a0EC A21 W centrali montowane s\u0105 dwie sztuki filtr\u00f3w: 1szt. G4 260x220x48 + 1szt. filtra dok\u0142adnego F7 260x220x48. Filtr\u00a0jest zamiennikiem. Nazwy urz\u0105dze\u0144, cz\u0119\u015bci i marek zosta\u0142y u\u017cyte w celu identyfikacji produktu.<\/p>\n<p>Poni\u017cej przedstawiamy sprzedawany produkt:<\/p>\n<p><img src=\"https:\/\/pureventfilters.eu\/4440-large_default\/filtr-eu7-do-vents-vutr-250-pe-ec-260x220x48-epm1-70.jpg\" alt=\"Filtr EU7 do VENTS VUTR 250 P(E) EC (260x220x48) ePM1 70%\" \/><\/p>\n","protected":false},"excerpt":{"rendered":"<p>Filtr pasuje do central VENTS VUTR\u00a0250 P(E)\u00a0EC A21 W centrali montowane s\u0105 dwie sztuki filtr\u00f3w: 1szt. G4 260x220x48 + 1szt. filtra dok\u0142adnego F7 260x220x48. Filtr\u00a0jest zamiennikiem. Nazwy urz\u0105dze\u0144, cz\u0119\u015bci i marek zosta\u0142y u\u017cyte w celu identyfikacji produktu. Poni\u017cej przedstawiamy sprzedawany produkt:<\/p>\n","protected":false},"featured_media":65018,"template":"","meta":[],"_links":{"self":[{"href":"https:\/\/profitstore.pl\/index.php\/wp-json\/wp\/v2\/product\/65017"}],"collection":[{"href":"https:\/\/profitstore.pl\/index.php\/wp-json\/wp\/v2\/product"}],"about":[{"href":"https:\/\/profitstore.pl\/index.php\/wp-json\/wp\/v2\/types\/product"}],"wp:featuredmedia":[{"embeddable":true,"href":"https:\/\/profitstore.pl\/index.php\/wp-json\/wp\/v2\/media\/65018"}],"wp:attachment":[{"href":"https:\/\/profitstore.pl\/index.php\/wp-json\/wp\/v2\/media?parent=65017"}],"curies":[{"name":"wp","href":"https:\/\/api.w.org\/{rel}","templated":true}]}}