{"id":65011,"date":"2026-05-03T07:15:50","date_gmt":"2026-05-03T07:15:50","guid":{"rendered":"https:\/\/profitstore.pl\/index.php\/produkt\/filtr-eu4-do-vents-vutr-600-v-ve-ec-536x220x40-coarse\/"},"modified":"2026-05-03T07:15:50","modified_gmt":"2026-05-03T07:15:50","slug":"filtr-eu4-do-vents-vutr-600-v-ve-ec-536x220x40-coarse","status":"publish","type":"product","link":"https:\/\/profitstore.pl\/index.php\/produkt\/filtr-eu4-do-vents-vutr-600-v-ve-ec-536x220x40-coarse\/","title":{"rendered":"Filtr EU4 do VENTS VUTR 600 V\/VE EC (536x220x40) Coarse"},"content":{"rendered":"<p>Filtr pasuje do central VENTS: VENTS VUTR 600 V EC A21 VENTS VUTR 600 VE EC A21 Filtr\u00a0jest zamiennikiem. Nazwy urz\u0105dze\u0144, cz\u0119\u015bci i marek zosta\u0142y u\u017cyte w celu identyfikacji produktu.<\/p>\n<p>Poni\u017cej przedstawiamy sprzedawany produkt:<\/p>\n<p><img src=\"https:\/\/pureventfilters.eu\/4438-large_default\/filtr-eu4-do-vents-vutr-600-vve-ec-536x220x40-coarse.jpg\" alt=\"Filtr EU4 do VENTS VUTR 600 V\/VE EC (536x220x40) Coarse\" \/><\/p>\n","protected":false},"excerpt":{"rendered":"<p>Filtr pasuje do central VENTS: VENTS VUTR 600 V EC A21 VENTS VUTR 600 VE EC A21 Filtr\u00a0jest zamiennikiem. Nazwy urz\u0105dze\u0144, cz\u0119\u015bci i marek zosta\u0142y u\u017cyte w celu identyfikacji produktu. Poni\u017cej przedstawiamy sprzedawany produkt:<\/p>\n","protected":false},"featured_media":65012,"template":"","meta":[],"_links":{"self":[{"href":"https:\/\/profitstore.pl\/index.php\/wp-json\/wp\/v2\/product\/65011"}],"collection":[{"href":"https:\/\/profitstore.pl\/index.php\/wp-json\/wp\/v2\/product"}],"about":[{"href":"https:\/\/profitstore.pl\/index.php\/wp-json\/wp\/v2\/types\/product"}],"wp:featuredmedia":[{"embeddable":true,"href":"https:\/\/profitstore.pl\/index.php\/wp-json\/wp\/v2\/media\/65012"}],"wp:attachment":[{"href":"https:\/\/profitstore.pl\/index.php\/wp-json\/wp\/v2\/media?parent=65011"}],"curies":[{"name":"wp","href":"https:\/\/api.w.org\/{rel}","templated":true}]}}