{"id":65009,"date":"2026-05-01T07:14:29","date_gmt":"2026-05-01T07:14:29","guid":{"rendered":"https:\/\/profitstore.pl\/index.php\/produkt\/filtr-kieszeniowy-eu7-do-flexit-s-l-7-ex-07-83-394x223x250\/"},"modified":"2026-05-01T07:14:31","modified_gmt":"2026-05-01T07:14:31","slug":"filtr-kieszeniowy-eu7-do-flexit-s-l-7-ex-07-83-394x223x250","status":"publish","type":"product","link":"https:\/\/profitstore.pl\/index.php\/produkt\/filtr-kieszeniowy-eu7-do-flexit-s-l-7-ex-07-83-394x223x250\/","title":{"rendered":"Filtr kieszeniowy EU7 do FLEXIT S\/L 7 EX 07-83 (394x223x250)"},"content":{"rendered":"<p>Filtr jest zamiennikiem. Nazwy marek i urz\u0105dze\u0144 zosta\u0142y u\u017cyte w celu identyfikacji produktu.<\/p>\n<p>Poni\u017cej przedstawiamy sprzedawany produkt:<\/p>\n<p><img src=\"https:\/\/pureventfilters.eu\/4759-large_default\/filtr-kieszeniowy-eu7-do-flexit-sl-7-ex-07-83-394x223x250.jpg\" alt=\"Filtr kieszeniowy EU7 do FLEXIT S\/L 7 EX 07-83 (394x223x250)\" \/><\/p>\n","protected":false},"excerpt":{"rendered":"<p>Filtr jest zamiennikiem. Nazwy marek i urz\u0105dze\u0144 zosta\u0142y u\u017cyte w celu identyfikacji produktu. Poni\u017cej przedstawiamy sprzedawany produkt:<\/p>\n","protected":false},"featured_media":65010,"template":"","meta":[],"_links":{"self":[{"href":"https:\/\/profitstore.pl\/index.php\/wp-json\/wp\/v2\/product\/65009"}],"collection":[{"href":"https:\/\/profitstore.pl\/index.php\/wp-json\/wp\/v2\/product"}],"about":[{"href":"https:\/\/profitstore.pl\/index.php\/wp-json\/wp\/v2\/types\/product"}],"wp:featuredmedia":[{"embeddable":true,"href":"https:\/\/profitstore.pl\/index.php\/wp-json\/wp\/v2\/media\/65010"}],"wp:attachment":[{"href":"https:\/\/profitstore.pl\/index.php\/wp-json\/wp\/v2\/media?parent=65009"}],"curies":[{"name":"wp","href":"https:\/\/api.w.org\/{rel}","templated":true}]}}