{"id":65007,"date":"2026-04-30T17:12:58","date_gmt":"2026-04-30T17:12:58","guid":{"rendered":"https:\/\/profitstore.pl\/index.php\/produkt\/filtr-eu7-do-vents-vutr-400-v-ve-ec-436x196x40-epm1-70\/"},"modified":"2026-04-30T17:12:59","modified_gmt":"2026-04-30T17:12:59","slug":"filtr-eu7-do-vents-vutr-400-v-ve-ec-436x196x40-epm1-70","status":"publish","type":"product","link":"https:\/\/profitstore.pl\/index.php\/produkt\/filtr-eu7-do-vents-vutr-400-v-ve-ec-436x196x40-epm1-70\/","title":{"rendered":"Filtr EU7 do VENTS VUTR 400 V\/VE EC (436x196x40) ePM1 70%"},"content":{"rendered":"<p>Filtr pasuje do central VENTS: VENTS VUTR 400\u00a0V EC A21 VENTS VUTR 400 VE\u00a0EC A21 Filtr\u00a0jest zamiennikiem. Nazwy urz\u0105dze\u0144, cz\u0119\u015bci i marek zosta\u0142y u\u017cyte w celu identyfikacji produktu.<\/p>\n<p>Poni\u017cej przedstawiamy sprzedawany produkt:<\/p>\n<p><img src=\"https:\/\/pureventfilters.eu\/4434-large_default\/filtr-eu7-do-vents-vutr-400-vve-ec-436x196x40-epm1-70.jpg\" alt=\"Filtr EU7 do VENTS VUTR 400 V\/VE EC (436x196x40) ePM1 70%\" \/><\/p>\n","protected":false},"excerpt":{"rendered":"<p>Filtr pasuje do central VENTS: VENTS VUTR 400\u00a0V EC A21 VENTS VUTR 400 VE\u00a0EC A21 Filtr\u00a0jest zamiennikiem. Nazwy urz\u0105dze\u0144, cz\u0119\u015bci i marek zosta\u0142y u\u017cyte w celu identyfikacji produktu. Poni\u017cej przedstawiamy sprzedawany produkt:<\/p>\n","protected":false},"featured_media":65008,"template":"","meta":[],"_links":{"self":[{"href":"https:\/\/profitstore.pl\/index.php\/wp-json\/wp\/v2\/product\/65007"}],"collection":[{"href":"https:\/\/profitstore.pl\/index.php\/wp-json\/wp\/v2\/product"}],"about":[{"href":"https:\/\/profitstore.pl\/index.php\/wp-json\/wp\/v2\/types\/product"}],"wp:featuredmedia":[{"embeddable":true,"href":"https:\/\/profitstore.pl\/index.php\/wp-json\/wp\/v2\/media\/65008"}],"wp:attachment":[{"href":"https:\/\/profitstore.pl\/index.php\/wp-json\/wp\/v2\/media?parent=65007"}],"curies":[{"name":"wp","href":"https:\/\/api.w.org\/{rel}","templated":true}]}}