{"id":64993,"date":"2026-05-01T07:14:27","date_gmt":"2026-05-01T07:14:27","guid":{"rendered":"https:\/\/profitstore.pl\/index.php\/produkt\/filtr-eu4-do-vents-vut-400-hb-hbe-ec-600x205x48-coarse\/"},"modified":"2026-05-01T07:14:28","modified_gmt":"2026-05-01T07:14:28","slug":"filtr-eu4-do-vents-vut-400-hb-hbe-ec-600x205x48-coarse","status":"publish","type":"product","link":"https:\/\/profitstore.pl\/index.php\/produkt\/filtr-eu4-do-vents-vut-400-hb-hbe-ec-600x205x48-coarse\/","title":{"rendered":"Filtr EU4 do VENTS VUT 400 HB \/ HBE EC (600x205x48) Coarse"},"content":{"rendered":"<p>Filtr pasuje do central VENTS: VENTS VUT 400 HB EC A21 VENTS VUT 400 HBE EC A21 Filtr\u00a0jest zamiennikiem. Nazwy urz\u0105dze\u0144, cz\u0119\u015bci i marek zosta\u0142y u\u017cyte w celu identyfikacji produktu.<\/p>\n<p>Poni\u017cej przedstawiamy sprzedawany produkt:<\/p>\n<p><img src=\"https:\/\/pureventfilters.eu\/4427-large_default\/filtr-eu4-do-vents-vut-400-hb-hbe-ec-600x205x48-coarse.jpg\" alt=\"Filtr EU4 do VENTS VUT 400 HB \/ HBE EC (600x205x48) Coarse\" \/><\/p>\n","protected":false},"excerpt":{"rendered":"<p>Filtr pasuje do central VENTS: VENTS VUT 400 HB EC A21 VENTS VUT 400 HBE EC A21 Filtr\u00a0jest zamiennikiem. Nazwy urz\u0105dze\u0144, cz\u0119\u015bci i marek zosta\u0142y u\u017cyte w celu identyfikacji produktu. Poni\u017cej przedstawiamy sprzedawany produkt:<\/p>\n","protected":false},"featured_media":64994,"template":"","meta":[],"_links":{"self":[{"href":"https:\/\/profitstore.pl\/index.php\/wp-json\/wp\/v2\/product\/64993"}],"collection":[{"href":"https:\/\/profitstore.pl\/index.php\/wp-json\/wp\/v2\/product"}],"about":[{"href":"https:\/\/profitstore.pl\/index.php\/wp-json\/wp\/v2\/types\/product"}],"wp:featuredmedia":[{"embeddable":true,"href":"https:\/\/profitstore.pl\/index.php\/wp-json\/wp\/v2\/media\/64994"}],"wp:attachment":[{"href":"https:\/\/profitstore.pl\/index.php\/wp-json\/wp\/v2\/media?parent=64993"}],"curies":[{"name":"wp","href":"https:\/\/api.w.org\/{rel}","templated":true}]}}