{"id":64991,"date":"2026-04-30T17:12:56","date_gmt":"2026-04-30T17:12:56","guid":{"rendered":"https:\/\/profitstore.pl\/index.php\/produkt\/filtr-eu7-do-vents-vut-300-hb-hbe-ec-484x178x48-epm1-70\/"},"modified":"2026-04-30T17:12:56","modified_gmt":"2026-04-30T17:12:56","slug":"filtr-eu7-do-vents-vut-300-hb-hbe-ec-484x178x48-epm1-70","status":"publish","type":"product","link":"https:\/\/profitstore.pl\/index.php\/produkt\/filtr-eu7-do-vents-vut-300-hb-hbe-ec-484x178x48-epm1-70\/","title":{"rendered":"Filtr EU7 do VENTS VUT 300 HB \/ HBE EC (484x178x48) ePM1 70%"},"content":{"rendered":"<p>Filtr pasuje do central VENTS: VENTS VUT\u00a0300 HB EC A21 VENTS VUT 300 HBE EC A21 Filtr\u00a0jest zamiennikiem. Nazwy urz\u0105dze\u0144, cz\u0119\u015bci i marek zosta\u0142y u\u017cyte w celu identyfikacji produktu.<\/p>\n<p>Poni\u017cej przedstawiamy sprzedawany produkt:<\/p>\n<p><img src=\"https:\/\/pureventfilters.eu\/4426-large_default\/filtr-eu7-do-vents-vut-300-hb-hbe-ec-484x178x48-epm1-70.jpg\" alt=\"Filtr EU7 do VENTS VUT 300 HB \/ HBE EC (484x178x48) ePM1 70%\" \/><\/p>\n","protected":false},"excerpt":{"rendered":"<p>Filtr pasuje do central VENTS: VENTS VUT\u00a0300 HB EC A21 VENTS VUT 300 HBE EC A21 Filtr\u00a0jest zamiennikiem. Nazwy urz\u0105dze\u0144, cz\u0119\u015bci i marek zosta\u0142y u\u017cyte w celu identyfikacji produktu. Poni\u017cej przedstawiamy sprzedawany produkt:<\/p>\n","protected":false},"featured_media":64992,"template":"","meta":[],"_links":{"self":[{"href":"https:\/\/profitstore.pl\/index.php\/wp-json\/wp\/v2\/product\/64991"}],"collection":[{"href":"https:\/\/profitstore.pl\/index.php\/wp-json\/wp\/v2\/product"}],"about":[{"href":"https:\/\/profitstore.pl\/index.php\/wp-json\/wp\/v2\/types\/product"}],"wp:featuredmedia":[{"embeddable":true,"href":"https:\/\/profitstore.pl\/index.php\/wp-json\/wp\/v2\/media\/64992"}],"wp:attachment":[{"href":"https:\/\/profitstore.pl\/index.php\/wp-json\/wp\/v2\/media?parent=64991"}],"curies":[{"name":"wp","href":"https:\/\/api.w.org\/{rel}","templated":true}]}}