{"id":64975,"date":"2026-05-01T07:14:25","date_gmt":"2026-05-01T07:14:25","guid":{"rendered":"https:\/\/profitstore.pl\/index.php\/produkt\/filtr-kasetowy-eu7-do-vents-vut-350-3500-pb-ec-603x253x48-epm1-70\/"},"modified":"2026-05-01T07:14:25","modified_gmt":"2026-05-01T07:14:25","slug":"filtr-kasetowy-eu7-do-vents-vut-350-3500-pb-ec-603x253x48-epm1-70","status":"publish","type":"product","link":"https:\/\/profitstore.pl\/index.php\/produkt\/filtr-kasetowy-eu7-do-vents-vut-350-3500-pb-ec-603x253x48-epm1-70\/","title":{"rendered":"Filtr kasetowy EU7 do VENTS VUT 350 \/ 3500 PB EC (603x253x48) ePM1 70%"},"content":{"rendered":"<p>Filtr pasuje do central VENTS: VENTS VUT 350 PB EC A21 VENTS VUT 3500 PB EC A21 Filtr\u00a0jest zamiennikiem. Nazwy urz\u0105dze\u0144, cz\u0119\u015bci i marek zosta\u0142y u\u017cyte w celu identyfikacji produktu.<\/p>\n<p>Poni\u017cej przedstawiamy sprzedawany produkt:<\/p>\n<p><img src=\"https:\/\/pureventfilters.eu\/4411-large_default\/filtr-kasetowy-eu7-do-vents-vut-350-3500-pb-ec-603x253x48-epm1-70.jpg\" alt=\"Filtr kasetowy EU7 do VENTS VUT 350 \/ 3500 PB EC (603x253x48) ePM1 70%\" \/><\/p>\n","protected":false},"excerpt":{"rendered":"<p>Filtr pasuje do central VENTS: VENTS VUT 350 PB EC A21 VENTS VUT 3500 PB EC A21 Filtr\u00a0jest zamiennikiem. Nazwy urz\u0105dze\u0144, cz\u0119\u015bci i marek zosta\u0142y u\u017cyte w celu identyfikacji produktu. Poni\u017cej przedstawiamy sprzedawany produkt:<\/p>\n","protected":false},"featured_media":64976,"template":"","meta":[],"_links":{"self":[{"href":"https:\/\/profitstore.pl\/index.php\/wp-json\/wp\/v2\/product\/64975"}],"collection":[{"href":"https:\/\/profitstore.pl\/index.php\/wp-json\/wp\/v2\/product"}],"about":[{"href":"https:\/\/profitstore.pl\/index.php\/wp-json\/wp\/v2\/types\/product"}],"wp:featuredmedia":[{"embeddable":true,"href":"https:\/\/profitstore.pl\/index.php\/wp-json\/wp\/v2\/media\/64976"}],"wp:attachment":[{"href":"https:\/\/profitstore.pl\/index.php\/wp-json\/wp\/v2\/media?parent=64975"}],"curies":[{"name":"wp","href":"https:\/\/api.w.org\/{rel}","templated":true}]}}