{"id":64971,"date":"2026-05-03T07:15:41","date_gmt":"2026-05-03T07:15:41","guid":{"rendered":"https:\/\/profitstore.pl\/index.php\/produkt\/filtr-kasetowy-f7-epm1-70-do-ensy-ahu-200-300-280x120x94\/"},"modified":"2026-05-03T07:15:42","modified_gmt":"2026-05-03T07:15:42","slug":"filtr-kasetowy-f7-epm1-70-do-ensy-ahu-200-300-280x120x94","status":"publish","type":"product","link":"https:\/\/profitstore.pl\/index.php\/produkt\/filtr-kasetowy-f7-epm1-70-do-ensy-ahu-200-300-280x120x94\/","title":{"rendered":"Filtr kasetowy F7 ePM1 70% do Ensy AHU 200\/300 (280x120x94)"},"content":{"rendered":"<p>Filtr klasy \u00a0 ePM1 70% (F7) \u00a0pasuj\u0105cych do centrali wentylacyjnej\u00a0 Ensy AHU 200\/300 Filtry s\u0105 zamiennikami, nazwy producent\u00f3w i marek zosta\u0142y u\u017cyte w celu identyfikacji produktu.<\/p>\n<p>Poni\u017cej przedstawiamy sprzedawany produkt:<\/p>\n<p><img src=\"https:\/\/pureventfilters.eu\/4406-large_default\/filtr-kasetowy-f7-epm1-70-do-ensy-ahu-200300-280x120x94.jpg\" alt=\"Filtr kasetowy F7 ePM1 70% do Ensy AHU 200\/300 (280x120x94)\" \/><\/p>\n","protected":false},"excerpt":{"rendered":"<p>Filtr klasy \u00a0 ePM1 70% (F7) \u00a0pasuj\u0105cych do centrali wentylacyjnej\u00a0 Ensy AHU 200\/300 Filtry s\u0105 zamiennikami, nazwy producent\u00f3w i marek zosta\u0142y u\u017cyte w celu identyfikacji produktu. Poni\u017cej przedstawiamy sprzedawany produkt:<\/p>\n","protected":false},"featured_media":64972,"template":"","meta":[],"_links":{"self":[{"href":"https:\/\/profitstore.pl\/index.php\/wp-json\/wp\/v2\/product\/64971"}],"collection":[{"href":"https:\/\/profitstore.pl\/index.php\/wp-json\/wp\/v2\/product"}],"about":[{"href":"https:\/\/profitstore.pl\/index.php\/wp-json\/wp\/v2\/types\/product"}],"wp:featuredmedia":[{"embeddable":true,"href":"https:\/\/profitstore.pl\/index.php\/wp-json\/wp\/v2\/media\/64972"}],"wp:attachment":[{"href":"https:\/\/profitstore.pl\/index.php\/wp-json\/wp\/v2\/media?parent=64971"}],"curies":[{"name":"wp","href":"https:\/\/api.w.org\/{rel}","templated":true}]}}