{"id":64969,"date":"2026-05-01T07:14:22","date_gmt":"2026-05-01T07:14:22","guid":{"rendered":"https:\/\/profitstore.pl\/index.php\/produkt\/filtr-eu4-do-vents-vut-350-pe-ec-236x211x140\/"},"modified":"2026-05-01T07:14:23","modified_gmt":"2026-05-01T07:14:23","slug":"filtr-eu4-do-vents-vut-350-pe-ec-236x211x140","status":"publish","type":"product","link":"https:\/\/profitstore.pl\/index.php\/produkt\/filtr-eu4-do-vents-vut-350-pe-ec-236x211x140\/","title":{"rendered":"Filtr EU4 do VENTS VUT 350 PE EC (236x211x140)"},"content":{"rendered":"<p>Standardowo w centrali wed\u0142ug katalogu montowane s\u0105 2szt. filtr\u00f3w: filtr kieszeniowy G4 236x211x140mm i filtr kasetowy z piank\u0105 filtracyjn\u0105 PPI20 440x128x20mm.\u00a0 Produkt jest zamiennikiem. Nazwy urz\u0105dze\u0144, cz\u0119\u015bci i marek zosta\u0142y u\u017cyte w celu identyfikacji produktu.<\/p>\n<p>Poni\u017cej przedstawiamy sprzedawany produkt:<\/p>\n<p><img src=\"https:\/\/pureventfilters.eu\/4400-large_default\/filtr-eu4-do-vents-vut-350-pe-ec-236x211x140.jpg\" alt=\"Filtr EU4 do VENTS VUT 350 PE EC (236x211x140)\" \/><\/p>\n","protected":false},"excerpt":{"rendered":"<p>Standardowo w centrali wed\u0142ug katalogu montowane s\u0105 2szt. filtr\u00f3w: filtr kieszeniowy G4 236x211x140mm i filtr kasetowy z piank\u0105 filtracyjn\u0105 PPI20 440x128x20mm.\u00a0 Produkt jest zamiennikiem. Nazwy urz\u0105dze\u0144, cz\u0119\u015bci i marek zosta\u0142y u\u017cyte w celu identyfikacji produktu. Poni\u017cej przedstawiamy sprzedawany produkt:<\/p>\n","protected":false},"featured_media":64970,"template":"","meta":[],"_links":{"self":[{"href":"https:\/\/profitstore.pl\/index.php\/wp-json\/wp\/v2\/product\/64969"}],"collection":[{"href":"https:\/\/profitstore.pl\/index.php\/wp-json\/wp\/v2\/product"}],"about":[{"href":"https:\/\/profitstore.pl\/index.php\/wp-json\/wp\/v2\/types\/product"}],"wp:featuredmedia":[{"embeddable":true,"href":"https:\/\/profitstore.pl\/index.php\/wp-json\/wp\/v2\/media\/64970"}],"wp:attachment":[{"href":"https:\/\/profitstore.pl\/index.php\/wp-json\/wp\/v2\/media?parent=64969"}],"curies":[{"name":"wp","href":"https:\/\/api.w.org\/{rel}","templated":true}]}}