{"id":64964,"date":"2026-05-01T17:10:06","date_gmt":"2026-05-01T17:10:06","guid":{"rendered":"https:\/\/profitstore.pl\/index.php\/produkt\/samoprzylepna-uszczelka-piankowa-1mb\/"},"modified":"2026-05-01T17:10:08","modified_gmt":"2026-05-01T17:10:08","slug":"samoprzylepna-uszczelka-piankowa-1mb","status":"publish","type":"product","link":"https:\/\/profitstore.pl\/index.php\/produkt\/samoprzylepna-uszczelka-piankowa-1mb\/","title":{"rendered":"Samoprzylepna uszczelka piankowa 1mb"},"content":{"rendered":"<p>Dane techniczne: D\u0142ugo\u015b\u0107:\u00a0 1 m Kolor uszczelki: czarny Szeroko\u015b\u0107: 8 mm Grubo\u015b\u0107: 3- 5 mm Samoprzylepna i odporna na rozci\u0105gni\u0119cia. Kupuj\u0105c kilka sztuk otrzymaj\u0105 Pa\u0144stwo uszczelk\u0119 w jednym kawa\u0142ku. Maksymalny odcinek w jednym kawa\u0142ku &#8211; 10mb.<\/p>\n<p>Poni\u017cej przedstawiamy sprzedawany produkt:<\/p>\n<p><img src=\"https:\/\/pureventfilters.eu\/4436-large_default\/samoprzylepna-uszczelka-piankowa-1mb.jpg\" alt=\"Samoprzylepna uszczelka piankowa 1mb\" \/><\/p>\n","protected":false},"excerpt":{"rendered":"<p>Dane techniczne: D\u0142ugo\u015b\u0107:\u00a0 1 m Kolor uszczelki: czarny Szeroko\u015b\u0107: 8 mm Grubo\u015b\u0107: 3- 5 mm Samoprzylepna i odporna na rozci\u0105gni\u0119cia. Kupuj\u0105c kilka sztuk otrzymaj\u0105 Pa\u0144stwo uszczelk\u0119 w jednym kawa\u0142ku. Maksymalny odcinek w jednym kawa\u0142ku &#8211; 10mb. Poni\u017cej przedstawiamy sprzedawany produkt:<\/p>\n","protected":false},"featured_media":64965,"template":"","meta":[],"_links":{"self":[{"href":"https:\/\/profitstore.pl\/index.php\/wp-json\/wp\/v2\/product\/64964"}],"collection":[{"href":"https:\/\/profitstore.pl\/index.php\/wp-json\/wp\/v2\/product"}],"about":[{"href":"https:\/\/profitstore.pl\/index.php\/wp-json\/wp\/v2\/types\/product"}],"wp:featuredmedia":[{"embeddable":true,"href":"https:\/\/profitstore.pl\/index.php\/wp-json\/wp\/v2\/media\/64965"}],"wp:attachment":[{"href":"https:\/\/profitstore.pl\/index.php\/wp-json\/wp\/v2\/media?parent=64964"}],"curies":[{"name":"wp","href":"https:\/\/api.w.org\/{rel}","templated":true}]}}