{"id":64957,"date":"2026-05-01T07:14:18","date_gmt":"2026-05-01T07:14:18","guid":{"rendered":"https:\/\/profitstore.pl\/index.php\/produkt\/filtr-eu5-do-klimor-mckt-hpx-02-450x450x100\/"},"modified":"2026-05-01T07:14:20","modified_gmt":"2026-05-01T07:14:20","slug":"filtr-eu5-do-klimor-mckt-hpx-02-450x450x100","status":"publish","type":"product","link":"https:\/\/profitstore.pl\/index.php\/produkt\/filtr-eu5-do-klimor-mckt-hpx-02-450x450x100\/","title":{"rendered":"Filtr EU5 do KLIMOR MCKT-HPX 02 (450x450x100)"},"content":{"rendered":"<p>Filtr EU5 \/M5\u00a0do centrali\u00a0 KLIMOR MCKT-HPX 02 . Filtr wykonany w ramce stalowej ocynkowanej. Wk\u0142ad filtra z maty o klasie filtracji\u00a0M5 \/ EU5 z siatk\u0105 wzmacniaj\u0105c\u0105. Filtry s\u0105 zamiennikami, nazwy producent\u00f3w i marek zosta\u0142y u\u017cyte w celu identyfikacji produktu.<\/p>\n<p>Poni\u017cej przedstawiamy sprzedawany produkt:<\/p>\n<p><img src=\"https:\/\/pureventfilters.eu\/4389-large_default\/filtr-eu5-do-klimor-mckt-hpx-02-450x450x100.jpg\" alt=\"Filtr EU5 do KLIMOR MCKT-HPX 02 (450x450x100)\" \/><\/p>\n","protected":false},"excerpt":{"rendered":"<p>Filtr EU5 \/M5\u00a0do centrali\u00a0 KLIMOR MCKT-HPX 02 . Filtr wykonany w ramce stalowej ocynkowanej. Wk\u0142ad filtra z maty o klasie filtracji\u00a0M5 \/ EU5 z siatk\u0105 wzmacniaj\u0105c\u0105. Filtry s\u0105 zamiennikami, nazwy producent\u00f3w i marek zosta\u0142y u\u017cyte w celu identyfikacji produktu. Poni\u017cej przedstawiamy sprzedawany produkt:<\/p>\n","protected":false},"featured_media":64958,"template":"","meta":[],"_links":{"self":[{"href":"https:\/\/profitstore.pl\/index.php\/wp-json\/wp\/v2\/product\/64957"}],"collection":[{"href":"https:\/\/profitstore.pl\/index.php\/wp-json\/wp\/v2\/product"}],"about":[{"href":"https:\/\/profitstore.pl\/index.php\/wp-json\/wp\/v2\/types\/product"}],"wp:featuredmedia":[{"embeddable":true,"href":"https:\/\/profitstore.pl\/index.php\/wp-json\/wp\/v2\/media\/64958"}],"wp:attachment":[{"href":"https:\/\/profitstore.pl\/index.php\/wp-json\/wp\/v2\/media?parent=64957"}],"curies":[{"name":"wp","href":"https:\/\/api.w.org\/{rel}","templated":true}]}}