{"id":64945,"date":"2026-04-19T07:18:39","date_gmt":"2026-04-19T07:18:39","guid":{"rendered":"https:\/\/profitstore.pl\/index.php\/produkt\/wklad-eu7-do-vallox-110-mv-250x230x92\/"},"modified":"2026-04-19T07:18:39","modified_gmt":"2026-04-19T07:18:39","slug":"wklad-eu7-do-vallox-110-mv-250x230x92","status":"publish","type":"product","link":"https:\/\/profitstore.pl\/index.php\/produkt\/wklad-eu7-do-vallox-110-mv-250x230x92\/","title":{"rendered":"Wk\u0142ad EU7 do VALLOX 110 MV (250x230x92)"},"content":{"rendered":"<p>Wk\u0142ad do filtra w ramce metalowej\u00a0klasy F7\/EU7 pasuj\u0105cych do filtr\u00f3w do centrali wentylacyjnej\u00a0 VALLOX\u00a0110 MV. Filtr\u00a0jest zamiennikiem. Nazwy urz\u0105dze\u0144, cz\u0119\u015bci i marek zosta\u0142y u\u017cyte w celu identyfikacji produktu.<\/p>\n<p>Poni\u017cej przedstawiamy sprzedawany produkt:<\/p>\n<p><img src=\"https:\/\/pureventfilters.eu\/4336-large_default\/wklad-eu7-do-vallox-110-mv-250x230x92.jpg\" alt=\"Wk\u0142ad EU7 do VALLOX 110 MV (250x230x92)\" \/><\/p>\n","protected":false},"excerpt":{"rendered":"<p>Wk\u0142ad do filtra w ramce metalowej\u00a0klasy F7\/EU7 pasuj\u0105cych do filtr\u00f3w do centrali wentylacyjnej\u00a0 VALLOX\u00a0110 MV. Filtr\u00a0jest zamiennikiem. Nazwy urz\u0105dze\u0144, cz\u0119\u015bci i marek zosta\u0142y u\u017cyte w celu identyfikacji produktu. Poni\u017cej przedstawiamy sprzedawany produkt:<\/p>\n","protected":false},"featured_media":64946,"template":"","meta":[],"_links":{"self":[{"href":"https:\/\/profitstore.pl\/index.php\/wp-json\/wp\/v2\/product\/64945"}],"collection":[{"href":"https:\/\/profitstore.pl\/index.php\/wp-json\/wp\/v2\/product"}],"about":[{"href":"https:\/\/profitstore.pl\/index.php\/wp-json\/wp\/v2\/types\/product"}],"wp:featuredmedia":[{"embeddable":true,"href":"https:\/\/profitstore.pl\/index.php\/wp-json\/wp\/v2\/media\/64946"}],"wp:attachment":[{"href":"https:\/\/profitstore.pl\/index.php\/wp-json\/wp\/v2\/media?parent=64945"}],"curies":[{"name":"wp","href":"https:\/\/api.w.org\/{rel}","templated":true}]}}