{"id":64939,"date":"2026-05-01T17:09:57","date_gmt":"2026-05-01T17:09:57","guid":{"rendered":"https:\/\/profitstore.pl\/index.php\/produkt\/filtr-eu7-do-vents-vut-350-vb-ec-500x196x40-mpl-epm1-70-antysmogowy\/"},"modified":"2026-05-01T17:09:58","modified_gmt":"2026-05-01T17:09:58","slug":"filtr-eu7-do-vents-vut-350-vb-ec-500x196x40-mpl-epm1-70-antysmogowy","status":"publish","type":"product","link":"https:\/\/profitstore.pl\/index.php\/produkt\/filtr-eu7-do-vents-vut-350-vb-ec-500x196x40-mpl-epm1-70-antysmogowy\/","title":{"rendered":"Filtr EU7 do VENTS VUT 350 VB EC (500x196x40) MPL ePM1 70% antysmogowy"},"content":{"rendered":"<p>Filtr\u00a0 kasetowy \u00a0klasy\u00a0F7 \/ EU7\u00a0pasuj\u0105cych do central wentylacyjnych\u00a0 VENTS VUT 350 VB EC Filtry s\u0105 zamiennikami, nazwy producent\u00f3w i marek zosta\u0142y u\u017cyte w celu identyfikacji produktu.<\/p>\n<p>Poni\u017cej przedstawiamy sprzedawany produkt:<\/p>\n<p><img src=\"https:\/\/pureventfilters.eu\/4425-large_default\/filtr-eu7-do-vents-vut-350-vb-ec-500x196x40-mpl-epm1-70-antysmogowy.jpg\" alt=\"Filtr EU7 do VENTS VUT 350 VB EC (500x196x40) MPL ePM1 70% antysmogowy\" \/><\/p>\n","protected":false},"excerpt":{"rendered":"<p>Filtr\u00a0 kasetowy \u00a0klasy\u00a0F7 \/ EU7\u00a0pasuj\u0105cych do central wentylacyjnych\u00a0 VENTS VUT 350 VB EC Filtry s\u0105 zamiennikami, nazwy producent\u00f3w i marek zosta\u0142y u\u017cyte w celu identyfikacji produktu. Poni\u017cej przedstawiamy sprzedawany produkt:<\/p>\n","protected":false},"featured_media":64940,"template":"","meta":[],"_links":{"self":[{"href":"https:\/\/profitstore.pl\/index.php\/wp-json\/wp\/v2\/product\/64939"}],"collection":[{"href":"https:\/\/profitstore.pl\/index.php\/wp-json\/wp\/v2\/product"}],"about":[{"href":"https:\/\/profitstore.pl\/index.php\/wp-json\/wp\/v2\/types\/product"}],"wp:featuredmedia":[{"embeddable":true,"href":"https:\/\/profitstore.pl\/index.php\/wp-json\/wp\/v2\/media\/64940"}],"wp:attachment":[{"href":"https:\/\/profitstore.pl\/index.php\/wp-json\/wp\/v2\/media?parent=64939"}],"curies":[{"name":"wp","href":"https:\/\/api.w.org\/{rel}","templated":true}]}}