{"id":64914,"date":"2026-04-23T07:16:49","date_gmt":"2026-04-23T07:16:49","guid":{"rendered":"https:\/\/profitstore.pl\/index.php\/produkt\/wklad-filtra-f7-do-vasco-x350-x500-495x186x22\/"},"modified":"2026-04-23T07:16:49","modified_gmt":"2026-04-23T07:16:49","slug":"wklad-filtra-f7-do-vasco-x350-x500-495x186x22","status":"publish","type":"product","link":"https:\/\/profitstore.pl\/index.php\/produkt\/wklad-filtra-f7-do-vasco-x350-x500-495x186x22\/","title":{"rendered":"Wk\u0142ad filtra F7 do VASCO X350 \/ X500 (495x186x22)"},"content":{"rendered":"<p>Wk\u0142ad do filtra kasetowego w ramce metalowej\u00a0o wymiarach\u00a0 495x186x22 \u00a0 klasy filtracji F7\/EU7 \u00a0pasuj\u0105cych do\u00a0rekuperatora\u00a0 VASCO X350 \/ X500.\u00a0 Wk\u0142ady\u00a0s\u0105 zamiennikami, nazwy producent\u00f3w i marek zosta\u0142y u\u017cyte w celu identyfikacji produktu. Prowadzimy sprzeda\u017c filtr\u00f3w w kasecie metalowej gdzie zalet\u0105 takiego rozwi\u0105zania jest mo\u017cliwo\u015b\u0107 samodzielnej wymiany wk\u0142adu filtracyjnego, oraz obni\u017cenie koszt\u00f3w eksploatacji. Wk\u0142ady dost\u0119pne w atrakcyjnych cenach.<\/p>\n<p>Poni\u017cej przedstawiamy sprzedawany produkt:<\/p>\n<p><img src=\"https:\/\/pureventfilters.eu\/4250-large_default\/wklad-filtra-f7-do-vasco-x350-x500-495x186x22.jpg\" alt=\"Wk\u0142ad filtra F7 do VASCO X350 \/ X500 (495x186x22)\" \/><\/p>\n","protected":false},"excerpt":{"rendered":"<p>Wk\u0142ad do filtra kasetowego w ramce metalowej\u00a0o wymiarach\u00a0 495x186x22 \u00a0 klasy filtracji F7\/EU7 \u00a0pasuj\u0105cych do\u00a0rekuperatora\u00a0 VASCO X350 \/ X500.\u00a0 Wk\u0142ady\u00a0s\u0105 zamiennikami, nazwy producent\u00f3w i marek zosta\u0142y u\u017cyte w celu identyfikacji produktu. Prowadzimy sprzeda\u017c filtr\u00f3w w kasecie metalowej gdzie zalet\u0105 takiego rozwi\u0105zania jest mo\u017cliwo\u015b\u0107 samodzielnej wymiany wk\u0142adu filtracyjnego, oraz obni\u017cenie koszt\u00f3w eksploatacji. Wk\u0142ady dost\u0119pne w atrakcyjnych [&hellip;]<\/p>\n","protected":false},"featured_media":64915,"template":"","meta":[],"_links":{"self":[{"href":"https:\/\/profitstore.pl\/index.php\/wp-json\/wp\/v2\/product\/64914"}],"collection":[{"href":"https:\/\/profitstore.pl\/index.php\/wp-json\/wp\/v2\/product"}],"about":[{"href":"https:\/\/profitstore.pl\/index.php\/wp-json\/wp\/v2\/types\/product"}],"wp:featuredmedia":[{"embeddable":true,"href":"https:\/\/profitstore.pl\/index.php\/wp-json\/wp\/v2\/media\/64915"}],"wp:attachment":[{"href":"https:\/\/profitstore.pl\/index.php\/wp-json\/wp\/v2\/media?parent=64914"}],"curies":[{"name":"wp","href":"https:\/\/api.w.org\/{rel}","templated":true}]}}