{"id":64897,"date":"2026-04-21T17:15:27","date_gmt":"2026-04-21T17:15:27","guid":{"rendered":"https:\/\/profitstore.pl\/index.php\/produkt\/filtr-eu7-do-komfovent-domekt-r-450-v-517x278x46-epm1-70\/"},"modified":"2026-04-21T17:15:27","modified_gmt":"2026-04-21T17:15:27","slug":"filtr-eu7-do-komfovent-domekt-r-450-v-517x278x46-epm1-70","status":"publish","type":"product","link":"https:\/\/profitstore.pl\/index.php\/produkt\/filtr-eu7-do-komfovent-domekt-r-450-v-517x278x46-epm1-70\/","title":{"rendered":"Filtr EU7 do Komfovent Domekt R 450 V (517x278x46) ePM1 70%"},"content":{"rendered":"<p>Filtr kasetowy pasuj\u0105cy do centrali wentylacyjnej\u00a0 KOMFOVENT DOMEKT\u00a0R 450 V. W rekuperatorze montowane s\u0105 2szt. filtr\u00f3w: 1szt. M5 517x278x46 + 1szt. F7 517x278x46. Filtry s\u0105 zamiennikami, nazwy producent\u00f3w i marek zosta\u0142y u\u017cyte w celu identyfikacji produktu. Prowadzimy sprzeda\u017c filtr\u00f3w w kasecie metalowej gdzie zalet\u0105 takiego rozwi\u0105zania jest mo\u017cliwo\u015b\u0107 samodzielnej wymiany wk\u0142adu filtracyjnego, oraz obni\u017cenie koszt\u00f3w eksploatacji. Wk\u0142ady dost\u0119pne w atrakcyjnych cenach.<\/p>\n<p>Poni\u017cej przedstawiamy sprzedawany produkt:<\/p>\n<p><img src=\"https:\/\/pureventfilters.eu\/4453-large_default\/filtr-eu7-do-komfovent-domekt-r-450-v-517x278x46-epm1-70.jpg\" alt=\"Filtr EU7 do Komfovent Domekt R 450 V (517x278x46) ePM1 70%\" \/><\/p>\n","protected":false},"excerpt":{"rendered":"<p>Filtr kasetowy pasuj\u0105cy do centrali wentylacyjnej\u00a0 KOMFOVENT DOMEKT\u00a0R 450 V. W rekuperatorze montowane s\u0105 2szt. filtr\u00f3w: 1szt. M5 517x278x46 + 1szt. F7 517x278x46. Filtry s\u0105 zamiennikami, nazwy producent\u00f3w i marek zosta\u0142y u\u017cyte w celu identyfikacji produktu. Prowadzimy sprzeda\u017c filtr\u00f3w w kasecie metalowej gdzie zalet\u0105 takiego rozwi\u0105zania jest mo\u017cliwo\u015b\u0107 samodzielnej wymiany wk\u0142adu filtracyjnego, oraz obni\u017cenie koszt\u00f3w [&hellip;]<\/p>\n","protected":false},"featured_media":64898,"template":"","meta":[],"_links":{"self":[{"href":"https:\/\/profitstore.pl\/index.php\/wp-json\/wp\/v2\/product\/64897"}],"collection":[{"href":"https:\/\/profitstore.pl\/index.php\/wp-json\/wp\/v2\/product"}],"about":[{"href":"https:\/\/profitstore.pl\/index.php\/wp-json\/wp\/v2\/types\/product"}],"wp:featuredmedia":[{"embeddable":true,"href":"https:\/\/profitstore.pl\/index.php\/wp-json\/wp\/v2\/media\/64898"}],"wp:attachment":[{"href":"https:\/\/profitstore.pl\/index.php\/wp-json\/wp\/v2\/media?parent=64897"}],"curies":[{"name":"wp","href":"https:\/\/api.w.org\/{rel}","templated":true}]}}