{"id":64888,"date":"2026-04-21T17:15:23","date_gmt":"2026-04-21T17:15:23","guid":{"rendered":"https:\/\/profitstore.pl\/index.php\/produkt\/filtr-antysmogowy-epm1-70-do-wanas-350v-2-350h-2-480x190x40\/"},"modified":"2026-04-21T17:15:23","modified_gmt":"2026-04-21T17:15:23","slug":"filtr-antysmogowy-epm1-70-do-wanas-350v-2-350h-2-480x190x40","status":"publish","type":"product","link":"https:\/\/profitstore.pl\/index.php\/produkt\/filtr-antysmogowy-epm1-70-do-wanas-350v-2-350h-2-480x190x40\/","title":{"rendered":"Filtr antysmogowy ePM1 70% do WANAS 350V\/2, 350H\/2 (480x190x40)"},"content":{"rendered":"<p>Filtr\u00a0 kasetowy\u00a0 o wymiarach\u00a0 480x190x40 \u00a0o skuteczno\u015bci\u00a0 ePM1 70% \u00a0pasuj\u0105cych do\u00a0rekuperator\u00f3w\u00a0 WANAS: 350 V\/2 350 H\/2 Filtr do oczyszczania powietrza pobieranego z zewn\u0105trz budynku Filtry s\u0105 zamiennikami, nazwy producent\u00f3w i marek zosta\u0142y u\u017cyte w celu identyfikacji produktu.<\/p>\n<p>Poni\u017cej przedstawiamy sprzedawany produkt:<\/p>\n<p><img src=\"https:\/\/pureventfilters.eu\/4226-large_default\/filtr-antysmogowy-epm1-70-do-wanas-350v2-350h2-480x190x40.jpg\" alt=\"Filtr antysmogowy ePM1 70% do WANAS 350V\/2, 350H\/2 (480x190x40)\" \/><\/p>\n","protected":false},"excerpt":{"rendered":"<p>Filtr\u00a0 kasetowy\u00a0 o wymiarach\u00a0 480x190x40 \u00a0o skuteczno\u015bci\u00a0 ePM1 70% \u00a0pasuj\u0105cych do\u00a0rekuperator\u00f3w\u00a0 WANAS: 350 V\/2 350 H\/2 Filtr do oczyszczania powietrza pobieranego z zewn\u0105trz budynku Filtry s\u0105 zamiennikami, nazwy producent\u00f3w i marek zosta\u0142y u\u017cyte w celu identyfikacji produktu. Poni\u017cej przedstawiamy sprzedawany produkt:<\/p>\n","protected":false},"featured_media":64889,"template":"","meta":[],"_links":{"self":[{"href":"https:\/\/profitstore.pl\/index.php\/wp-json\/wp\/v2\/product\/64888"}],"collection":[{"href":"https:\/\/profitstore.pl\/index.php\/wp-json\/wp\/v2\/product"}],"about":[{"href":"https:\/\/profitstore.pl\/index.php\/wp-json\/wp\/v2\/types\/product"}],"wp:featuredmedia":[{"embeddable":true,"href":"https:\/\/profitstore.pl\/index.php\/wp-json\/wp\/v2\/media\/64889"}],"wp:attachment":[{"href":"https:\/\/profitstore.pl\/index.php\/wp-json\/wp\/v2\/media?parent=64888"}],"curies":[{"name":"wp","href":"https:\/\/api.w.org\/{rel}","templated":true}]}}