{"id":64874,"date":"2026-04-21T17:15:15","date_gmt":"2026-04-21T17:15:15","guid":{"rendered":"https:\/\/profitstore.pl\/index.php\/produkt\/filtr-eu7-do-aerovent-reversus-r300-r450-440x177x25-zamiennik-ff72\/"},"modified":"2026-04-21T17:15:18","modified_gmt":"2026-04-21T17:15:18","slug":"filtr-eu7-do-aerovent-reversus-r300-r450-440x177x25-zamiennik-ff72","status":"publish","type":"product","link":"https:\/\/profitstore.pl\/index.php\/produkt\/filtr-eu7-do-aerovent-reversus-r300-r450-440x177x25-zamiennik-ff72\/","title":{"rendered":"Filtr EU7 do AeroVent Reversus R300 R450 (440x177x25) zamiennik FF72"},"content":{"rendered":"<p>Filtr kasetowy klasy\u00a0 F7 \/ EU7 pasuj\u0105cych do centrali \u00a0 AeroVent Reversus R300 oraz R450 . Filtr\u00a0jest zamiennikiem. Nazwy urz\u0105dze\u0144, cz\u0119\u015bci i marek zosta\u0142y u\u017cyte w celu identyfikacji produktu.<\/p>\n<p>Poni\u017cej przedstawiamy sprzedawany produkt:<\/p>\n<p><img src=\"https:\/\/pureventfilters.eu\/4216-large_default\/filtr-eu7-do-aerovent-reversus-r300-r450-440x177x25-zamiennik-ff72.jpg\" alt=\"Filtr EU7 do AeroVent Reversus R300 R450 (440x177x25) zamiennik FF72\" \/><\/p>\n","protected":false},"excerpt":{"rendered":"<p>Filtr kasetowy klasy\u00a0 F7 \/ EU7 pasuj\u0105cych do centrali \u00a0 AeroVent Reversus R300 oraz R450 . Filtr\u00a0jest zamiennikiem. Nazwy urz\u0105dze\u0144, cz\u0119\u015bci i marek zosta\u0142y u\u017cyte w celu identyfikacji produktu. Poni\u017cej przedstawiamy sprzedawany produkt:<\/p>\n","protected":false},"featured_media":29564,"template":"","meta":[],"_links":{"self":[{"href":"https:\/\/profitstore.pl\/index.php\/wp-json\/wp\/v2\/product\/64874"}],"collection":[{"href":"https:\/\/profitstore.pl\/index.php\/wp-json\/wp\/v2\/product"}],"about":[{"href":"https:\/\/profitstore.pl\/index.php\/wp-json\/wp\/v2\/types\/product"}],"wp:featuredmedia":[{"embeddable":true,"href":"https:\/\/profitstore.pl\/index.php\/wp-json\/wp\/v2\/media\/29564"}],"wp:attachment":[{"href":"https:\/\/profitstore.pl\/index.php\/wp-json\/wp\/v2\/media?parent=64874"}],"curies":[{"name":"wp","href":"https:\/\/api.w.org\/{rel}","templated":true}]}}