{"id":64871,"date":"2026-04-21T17:15:15","date_gmt":"2026-04-21T17:15:15","guid":{"rendered":"https:\/\/profitstore.pl\/index.php\/produkt\/filtr-eu4-do-aerovent-reversus-r300-r450-440x177x25-zamiennik-fg42\/"},"modified":"2026-04-21T17:15:17","modified_gmt":"2026-04-21T17:15:17","slug":"filtr-eu4-do-aerovent-reversus-r300-r450-440x177x25-zamiennik-fg42","status":"publish","type":"product","link":"https:\/\/profitstore.pl\/index.php\/produkt\/filtr-eu4-do-aerovent-reversus-r300-r450-440x177x25-zamiennik-fg42\/","title":{"rendered":"Filtr EU4 do AeroVent Reversus R300 R450 (440x177x25) zamiennik FG42"},"content":{"rendered":"<p>Filtr kasetowy klasy G4\/EU4 pasuj\u0105cych do centrali AeroVent Reversus R300 oraz R450 . Filtr\u00a0jest zamiennikiem. Nazwy urz\u0105dze\u0144, cz\u0119\u015bci i marek zosta\u0142y u\u017cyte w celu identyfikacji produktu.<\/p>\n<p>Poni\u017cej przedstawiamy sprzedawany produkt:<\/p>\n<p><img src=\"https:\/\/pureventfilters.eu\/4213-large_default\/filtr-eu4-do-aerovent-reversus-r300-r450-440x177x25-zamiennik-fg42.jpg\" alt=\"Filtr EU4 do AeroVent Reversus R300 R450 (440x177x25) zamiennik FG42\" \/><\/p>\n","protected":false},"excerpt":{"rendered":"<p>Filtr kasetowy klasy G4\/EU4 pasuj\u0105cych do centrali AeroVent Reversus R300 oraz R450 . Filtr\u00a0jest zamiennikiem. Nazwy urz\u0105dze\u0144, cz\u0119\u015bci i marek zosta\u0142y u\u017cyte w celu identyfikacji produktu. Poni\u017cej przedstawiamy sprzedawany produkt:<\/p>\n","protected":false},"featured_media":64872,"template":"","meta":[],"_links":{"self":[{"href":"https:\/\/profitstore.pl\/index.php\/wp-json\/wp\/v2\/product\/64871"}],"collection":[{"href":"https:\/\/profitstore.pl\/index.php\/wp-json\/wp\/v2\/product"}],"about":[{"href":"https:\/\/profitstore.pl\/index.php\/wp-json\/wp\/v2\/types\/product"}],"wp:featuredmedia":[{"embeddable":true,"href":"https:\/\/profitstore.pl\/index.php\/wp-json\/wp\/v2\/media\/64872"}],"wp:attachment":[{"href":"https:\/\/profitstore.pl\/index.php\/wp-json\/wp\/v2\/media?parent=64871"}],"curies":[{"name":"wp","href":"https:\/\/api.w.org\/{rel}","templated":true}]}}