{"id":64861,"date":"2026-04-21T17:15:10","date_gmt":"2026-04-21T17:15:10","guid":{"rendered":"https:\/\/profitstore.pl\/index.php\/produkt\/filtr-kasetowy-eu4-do-nagrzewnicy-juwent-500x500x100\/"},"modified":"2026-04-21T17:15:11","modified_gmt":"2026-04-21T17:15:11","slug":"filtr-kasetowy-eu4-do-nagrzewnicy-juwent-500x500x100","status":"publish","type":"product","link":"https:\/\/profitstore.pl\/index.php\/produkt\/filtr-kasetowy-eu4-do-nagrzewnicy-juwent-500x500x100\/","title":{"rendered":"Filtr kasetowy EU4 do nagrzewnicy JUWENT (500x500x100)"},"content":{"rendered":"<p>Filtr kasetowy klasy G4\/EU4 o wymiarach 500x500x100mm pasuj\u0105cy do\u00a0nagrzewnicy JUWENT . Filtry s\u0105 zamiennikami, nazwa producenta zosta\u0142a u\u017cyta jedynie w celu identyfikacji produktu.<\/p>\n<p>Poni\u017cej przedstawiamy sprzedawany produkt:<\/p>\n<p><img src=\"https:\/\/pureventfilters.eu\/4207-large_default\/filtr-kasetowy-eu4-do-nagrzewnicy-juwent-500x500x100.jpg\" alt=\"Filtr kasetowy EU4 do nagrzewnicy JUWENT (500x500x100)\" \/><\/p>\n","protected":false},"excerpt":{"rendered":"<p>Filtr kasetowy klasy G4\/EU4 o wymiarach 500x500x100mm pasuj\u0105cy do\u00a0nagrzewnicy JUWENT . Filtry s\u0105 zamiennikami, nazwa producenta zosta\u0142a u\u017cyta jedynie w celu identyfikacji produktu. Poni\u017cej przedstawiamy sprzedawany produkt:<\/p>\n","protected":false},"featured_media":64862,"template":"","meta":[],"_links":{"self":[{"href":"https:\/\/profitstore.pl\/index.php\/wp-json\/wp\/v2\/product\/64861"}],"collection":[{"href":"https:\/\/profitstore.pl\/index.php\/wp-json\/wp\/v2\/product"}],"about":[{"href":"https:\/\/profitstore.pl\/index.php\/wp-json\/wp\/v2\/types\/product"}],"wp:featuredmedia":[{"embeddable":true,"href":"https:\/\/profitstore.pl\/index.php\/wp-json\/wp\/v2\/media\/64862"}],"wp:attachment":[{"href":"https:\/\/profitstore.pl\/index.php\/wp-json\/wp\/v2\/media?parent=64861"}],"curies":[{"name":"wp","href":"https:\/\/api.w.org\/{rel}","templated":true}]}}