{"id":64843,"date":"2026-04-21T17:15:04","date_gmt":"2026-04-21T17:15:04","guid":{"rendered":"https:\/\/profitstore.pl\/index.php\/produkt\/filtr-antysmogowy-epm1-70-do-wanas-345-332x260x40\/"},"modified":"2026-04-21T17:15:06","modified_gmt":"2026-04-21T17:15:06","slug":"filtr-antysmogowy-epm1-70-do-wanas-345-332x260x40","status":"publish","type":"product","link":"https:\/\/profitstore.pl\/index.php\/produkt\/filtr-antysmogowy-epm1-70-do-wanas-345-332x260x40\/","title":{"rendered":"Filtr antysmogowy ePM1 70% do WANAS 345 (332x260x40)"},"content":{"rendered":"<p>Filtr\u00a0 kasetowy o\u00a0skuteczno\u015bci\u00a0 ePM 1 70% \u00a0pasuj\u0105cych do central wentylacyjnych\u00a0 WANAS 345. \u00a0 Filtr\u00a0jest zamiennikiem. Nazwy urz\u0105dze\u0144, cz\u0119\u015bci i marek zosta\u0142y u\u017cyte w celu identyfikacji produktu.<\/p>\n<p>Poni\u017cej przedstawiamy sprzedawany produkt:<\/p>\n<p><img src=\"https:\/\/pureventfilters.eu\/4227-large_default\/filtr-antysmogowy-epm1-70-do-wanas-345-332x260x40.jpg\" alt=\"Filtr antysmogowy ePM1 70% do WANAS 345 (332x260x40)\" \/><\/p>\n","protected":false},"excerpt":{"rendered":"<p>Filtr\u00a0 kasetowy o\u00a0skuteczno\u015bci\u00a0 ePM 1 70% \u00a0pasuj\u0105cych do central wentylacyjnych\u00a0 WANAS 345. \u00a0 Filtr\u00a0jest zamiennikiem. Nazwy urz\u0105dze\u0144, cz\u0119\u015bci i marek zosta\u0142y u\u017cyte w celu identyfikacji produktu. Poni\u017cej przedstawiamy sprzedawany produkt:<\/p>\n","protected":false},"featured_media":64844,"template":"","meta":[],"_links":{"self":[{"href":"https:\/\/profitstore.pl\/index.php\/wp-json\/wp\/v2\/product\/64843"}],"collection":[{"href":"https:\/\/profitstore.pl\/index.php\/wp-json\/wp\/v2\/product"}],"about":[{"href":"https:\/\/profitstore.pl\/index.php\/wp-json\/wp\/v2\/types\/product"}],"wp:featuredmedia":[{"embeddable":true,"href":"https:\/\/profitstore.pl\/index.php\/wp-json\/wp\/v2\/media\/64844"}],"wp:attachment":[{"href":"https:\/\/profitstore.pl\/index.php\/wp-json\/wp\/v2\/media?parent=64843"}],"curies":[{"name":"wp","href":"https:\/\/api.w.org\/{rel}","templated":true}]}}