{"id":64830,"date":"2026-04-24T07:19:48","date_gmt":"2026-04-24T07:19:48","guid":{"rendered":"https:\/\/profitstore.pl\/index.php\/produkt\/filtr-kasetowy-eu5-eu7-minipleat-300x258x46\/"},"modified":"2026-04-24T07:19:48","modified_gmt":"2026-04-24T07:19:48","slug":"filtr-kasetowy-eu5-eu7-minipleat-300x258x46","status":"publish","type":"product","link":"https:\/\/profitstore.pl\/index.php\/produkt\/filtr-kasetowy-eu5-eu7-minipleat-300x258x46\/","title":{"rendered":"Filtr kasetowy EU5\/EU7 MiniPleat (300x258x46)"},"content":{"rendered":"<p>Standardowo filtry montowane w centralach przez producenta wykonane s\u0105 w ramce kartonowej.\u00a0 W naszej ofercie znajd\u0105 Pa\u0144stwo dodatkowo filtry w ramie metalowej &#8211;\u00a0gdzie zalet\u0105 takiego rozwi\u0105zania jest mo\u017cliwo\u015b\u0107 samodzielnej wymiany wk\u0142adu filtracyjnego, oraz obni\u017cenie koszt\u00f3w eksploatacji. Wk\u0142ady dost\u0119pne w atrakcyjnych cenach.\u00a0 Filtr\u00a0jest zamiennikiem. Nazwy urz\u0105dze\u0144, cz\u0119\u015bci i marek zosta\u0142y u\u017cyte w celu identyfikacji produktu.<\/p>\n<p>Poni\u017cej przedstawiamy sprzedawany produkt:<\/p>\n<p><img src=\"https:\/\/pureventfilters.eu\/4188-large_default\/filtr-kasetowy-eu5eu7-minipleat-300x258x46.jpg\" alt=\"Filtr kasetowy EU5\/EU7 MiniPleat (300x258x46)\" \/><\/p>\n","protected":false},"excerpt":{"rendered":"<p>Standardowo filtry montowane w centralach przez producenta wykonane s\u0105 w ramce kartonowej.\u00a0 W naszej ofercie znajd\u0105 Pa\u0144stwo dodatkowo filtry w ramie metalowej &#8211;\u00a0gdzie zalet\u0105 takiego rozwi\u0105zania jest mo\u017cliwo\u015b\u0107 samodzielnej wymiany wk\u0142adu filtracyjnego, oraz obni\u017cenie koszt\u00f3w eksploatacji. Wk\u0142ady dost\u0119pne w atrakcyjnych cenach.\u00a0 Filtr\u00a0jest zamiennikiem. Nazwy urz\u0105dze\u0144, cz\u0119\u015bci i marek zosta\u0142y u\u017cyte w celu identyfikacji produktu. Poni\u017cej [&hellip;]<\/p>\n","protected":false},"featured_media":64831,"template":"","meta":[],"_links":{"self":[{"href":"https:\/\/profitstore.pl\/index.php\/wp-json\/wp\/v2\/product\/64830"}],"collection":[{"href":"https:\/\/profitstore.pl\/index.php\/wp-json\/wp\/v2\/product"}],"about":[{"href":"https:\/\/profitstore.pl\/index.php\/wp-json\/wp\/v2\/types\/product"}],"wp:featuredmedia":[{"embeddable":true,"href":"https:\/\/profitstore.pl\/index.php\/wp-json\/wp\/v2\/media\/64831"}],"wp:attachment":[{"href":"https:\/\/profitstore.pl\/index.php\/wp-json\/wp\/v2\/media?parent=64830"}],"curies":[{"name":"wp","href":"https:\/\/api.w.org\/{rel}","templated":true}]}}