{"id":64810,"date":"2026-04-27T07:19:48","date_gmt":"2026-04-27T07:19:48","guid":{"rendered":"https:\/\/profitstore.pl\/index.php\/produkt\/filtr-kasetowy-eu4-do-vbw-735x287x100\/"},"modified":"2026-04-27T07:19:49","modified_gmt":"2026-04-27T07:19:49","slug":"filtr-kasetowy-eu4-do-vbw-735x287x100","status":"publish","type":"product","link":"https:\/\/profitstore.pl\/index.php\/produkt\/filtr-kasetowy-eu4-do-vbw-735x287x100\/","title":{"rendered":"Filtr kasetowy EU4 do VBW (735x287x100)"},"content":{"rendered":"<p>KLASA FILTRACJI: G4 SZEROKO\u015a\u0106 (mm):\u00a0735 D\u0141UGO\u015a\u0106 (mm): 287 WYSOKO\u015a\u0106 (mm): 100 OBUDOWA: Rama ze stali ocynkowanej, w\u0142\u00f3knina zabezpieczona siatk\u0105 metalow\u0105 Filtr\u00a0jest zamiennikiem. Nazwy urz\u0105dze\u0144, cz\u0119\u015bci i marek zosta\u0142y u\u017cyte w celu identyfikacji produktu.<\/p>\n<p>Poni\u017cej przedstawiamy sprzedawany produkt:<\/p>\n<p><img src=\"https:\/\/pureventfilters.eu\/4178-large_default\/filtr-kasetowy-eu4-do-vbw-735x287x100.jpg\" alt=\"Filtr kasetowy EU4 do VBW (735x287x100)\" \/><\/p>\n","protected":false},"excerpt":{"rendered":"<p>KLASA FILTRACJI: G4 SZEROKO\u015a\u0106 (mm):\u00a0735 D\u0141UGO\u015a\u0106 (mm): 287 WYSOKO\u015a\u0106 (mm): 100 OBUDOWA: Rama ze stali ocynkowanej, w\u0142\u00f3knina zabezpieczona siatk\u0105 metalow\u0105 Filtr\u00a0jest zamiennikiem. Nazwy urz\u0105dze\u0144, cz\u0119\u015bci i marek zosta\u0142y u\u017cyte w celu identyfikacji produktu. Poni\u017cej przedstawiamy sprzedawany produkt:<\/p>\n","protected":false},"featured_media":64811,"template":"","meta":[],"_links":{"self":[{"href":"https:\/\/profitstore.pl\/index.php\/wp-json\/wp\/v2\/product\/64810"}],"collection":[{"href":"https:\/\/profitstore.pl\/index.php\/wp-json\/wp\/v2\/product"}],"about":[{"href":"https:\/\/profitstore.pl\/index.php\/wp-json\/wp\/v2\/types\/product"}],"wp:featuredmedia":[{"embeddable":true,"href":"https:\/\/profitstore.pl\/index.php\/wp-json\/wp\/v2\/media\/64811"}],"wp:attachment":[{"href":"https:\/\/profitstore.pl\/index.php\/wp-json\/wp\/v2\/media?parent=64810"}],"curies":[{"name":"wp","href":"https:\/\/api.w.org\/{rel}","templated":true}]}}