{"id":64786,"date":"2026-04-18T17:09:06","date_gmt":"2026-04-18T17:09:06","guid":{"rendered":"https:\/\/profitstore.pl\/index.php\/produkt\/filtr-kieszeniowy-eu7-do-systemair-vx-400-e-ev-256x236x380\/"},"modified":"2026-04-18T17:09:07","modified_gmt":"2026-04-18T17:09:07","slug":"filtr-kieszeniowy-eu7-do-systemair-vx-400-e-ev-256x236x380","status":"publish","type":"product","link":"https:\/\/profitstore.pl\/index.php\/produkt\/filtr-kieszeniowy-eu7-do-systemair-vx-400-e-ev-256x236x380\/","title":{"rendered":"Filtr kieszeniowy EU7 do SYSTEMAIR VX 400 E\/EV (256x236x380)"},"content":{"rendered":"<p>Cena dotyczy 1szt. filtra.\u00a0Filtr kieszeniowy klasy\u00a0 F7\/ EU7\u00a0 o wymiarach \u00a0256x236x380 \u00a0mm\u00a0do centrali\u00a0 SYSTEMAIR VX 400 E\/EV.\u00a0 Przed zakupem prosimy o weryfikacj\u0119 wymiar\u00f3w filtr\u00f3w podanych w ofercie z rzeczywistymi wymiarami filtr\u00f3w montowanych w centrali. Produkt jest zamiennikiem. Nazwy urz\u0105dze\u0144, cz\u0119\u015bci i marek zosta\u0142y u\u017cyte w celu identyfikacji produktu.<\/p>\n<p>Poni\u017cej przedstawiamy sprzedawany produkt:<\/p>\n<p><img src=\"https:\/\/pureventfilters.eu\/4144-large_default\/filtr-kieszeniowy-eu7-do-systemair-vx-400-eev-256x236x380.jpg\" alt=\"Filtr kieszeniowy EU7 do SYSTEMAIR VX 400 E\/EV (256x236x380)\" \/><\/p>\n","protected":false},"excerpt":{"rendered":"<p>Cena dotyczy 1szt. filtra.\u00a0Filtr kieszeniowy klasy\u00a0 F7\/ EU7\u00a0 o wymiarach \u00a0256x236x380 \u00a0mm\u00a0do centrali\u00a0 SYSTEMAIR VX 400 E\/EV.\u00a0 Przed zakupem prosimy o weryfikacj\u0119 wymiar\u00f3w filtr\u00f3w podanych w ofercie z rzeczywistymi wymiarami filtr\u00f3w montowanych w centrali. Produkt jest zamiennikiem. Nazwy urz\u0105dze\u0144, cz\u0119\u015bci i marek zosta\u0142y u\u017cyte w celu identyfikacji produktu. Poni\u017cej przedstawiamy sprzedawany produkt:<\/p>\n","protected":false},"featured_media":64787,"template":"","meta":[],"_links":{"self":[{"href":"https:\/\/profitstore.pl\/index.php\/wp-json\/wp\/v2\/product\/64786"}],"collection":[{"href":"https:\/\/profitstore.pl\/index.php\/wp-json\/wp\/v2\/product"}],"about":[{"href":"https:\/\/profitstore.pl\/index.php\/wp-json\/wp\/v2\/types\/product"}],"wp:featuredmedia":[{"embeddable":true,"href":"https:\/\/profitstore.pl\/index.php\/wp-json\/wp\/v2\/media\/64787"}],"wp:attachment":[{"href":"https:\/\/profitstore.pl\/index.php\/wp-json\/wp\/v2\/media?parent=64786"}],"curies":[{"name":"wp","href":"https:\/\/api.w.org\/{rel}","templated":true}]}}