{"id":64770,"date":"2026-04-18T17:09:03","date_gmt":"2026-04-18T17:09:03","guid":{"rendered":"https:\/\/profitstore.pl\/index.php\/produkt\/filtr-eu7-do-systemair-ta-2000-266x740x280-bfta-2000-eu7-7617\/"},"modified":"2026-04-18T17:09:04","modified_gmt":"2026-04-18T17:09:04","slug":"filtr-eu7-do-systemair-ta-2000-266x740x280-bfta-2000-eu7-7617","status":"publish","type":"product","link":"https:\/\/profitstore.pl\/index.php\/produkt\/filtr-eu7-do-systemair-ta-2000-266x740x280-bfta-2000-eu7-7617\/","title":{"rendered":"Filtr EU7 do SYSTEMAIR TA 2000 (266x740x280) BFTA 2000 EU7, 7617"},"content":{"rendered":"<p>Filtr\u00a0 kieszeniowy \u00a0o wymiarach\u00a0 266x740x280 \u00a0mm\u00a0w\u00a0ramce metalowej pasuj\u0105cy do central\u00a0 SYSTEMAIR \u00a0 : TA 2000 HW TA 2000 EL Zamienniki filtr\u00f3w: o oznaczeniu\u00a0 BFTA 2000 EU7 \u00a0(filtr klasy F7) Filtry s\u0105 zamiennikami, nazwy producent\u00f3w i marek zosta\u0142y u\u017cyte w celu identyfikacji produktu.<\/p>\n<p>Poni\u017cej przedstawiamy sprzedawany produkt:<\/p>\n<p><img src=\"https:\/\/pureventfilters.eu\/4128-large_default\/filtr-eu7-do-systemair-ta-2000-266x740x280-bfta-2000-eu7-7617.jpg\" alt=\"Filtr EU7 do SYSTEMAIR TA 2000 (266x740x280) BFTA 2000 EU7, 7617\" \/><\/p>\n","protected":false},"excerpt":{"rendered":"<p>Filtr\u00a0 kieszeniowy \u00a0o wymiarach\u00a0 266x740x280 \u00a0mm\u00a0w\u00a0ramce metalowej pasuj\u0105cy do central\u00a0 SYSTEMAIR \u00a0 : TA 2000 HW TA 2000 EL Zamienniki filtr\u00f3w: o oznaczeniu\u00a0 BFTA 2000 EU7 \u00a0(filtr klasy F7) Filtry s\u0105 zamiennikami, nazwy producent\u00f3w i marek zosta\u0142y u\u017cyte w celu identyfikacji produktu. Poni\u017cej przedstawiamy sprzedawany produkt:<\/p>\n","protected":false},"featured_media":64771,"template":"","meta":[],"_links":{"self":[{"href":"https:\/\/profitstore.pl\/index.php\/wp-json\/wp\/v2\/product\/64770"}],"collection":[{"href":"https:\/\/profitstore.pl\/index.php\/wp-json\/wp\/v2\/product"}],"about":[{"href":"https:\/\/profitstore.pl\/index.php\/wp-json\/wp\/v2\/types\/product"}],"wp:featuredmedia":[{"embeddable":true,"href":"https:\/\/profitstore.pl\/index.php\/wp-json\/wp\/v2\/media\/64771"}],"wp:attachment":[{"href":"https:\/\/profitstore.pl\/index.php\/wp-json\/wp\/v2\/media?parent=64770"}],"curies":[{"name":"wp","href":"https:\/\/api.w.org\/{rel}","templated":true}]}}