{"id":64768,"date":"2026-04-18T17:09:01","date_gmt":"2026-04-18T17:09:01","guid":{"rendered":"https:\/\/profitstore.pl\/index.php\/produkt\/filtr-eu7-do-vts-vs21-vs75-vs-100-428x287x600\/"},"modified":"2026-04-18T17:09:03","modified_gmt":"2026-04-18T17:09:03","slug":"filtr-eu7-do-vts-vs21-vs75-vs-100-428x287x600","status":"publish","type":"product","link":"https:\/\/profitstore.pl\/index.php\/produkt\/filtr-eu7-do-vts-vs21-vs75-vs-100-428x287x600\/","title":{"rendered":"Filtr EU7 do VTS VS21 VS75 VS 100 (428x287x600)"},"content":{"rendered":"<p>Cena dotyczy\u00a0 1szt. filtra .\u00a0Filtr kieszeniowy klasy\u00a0 F7 \/ EU7 \u00a0o wymiarach\u00a0 428x287x600 \u00a0 mm \u00a0do centrali\u00a0 VTS: VS 21 VS 75 VS100 Przed zakupem prosimy o weryfikacj\u0119 wymiar\u00f3w filtr\u00f3w podanych w ofercie z rzeczywistymi wymiarami filtr\u00f3w montowanych w centrali. Produkt jest zamiennikiem. Nazwy urz\u0105dze\u0144, cz\u0119\u015bci i marek zosta\u0142y u\u017cyte w celu identyfikacji produktu.<\/p>\n<p>Poni\u017cej przedstawiamy sprzedawany produkt:<\/p>\n<p><img src=\"https:\/\/pureventfilters.eu\/4120-large_default\/filtr-eu7-do-vts-vs21-vs75-vs-100-428x287x600.jpg\" alt=\"Filtr EU7 do VTS VS21 VS75 VS 100 (428x287x600)\" \/><\/p>\n","protected":false},"excerpt":{"rendered":"<p>Cena dotyczy\u00a0 1szt. filtra .\u00a0Filtr kieszeniowy klasy\u00a0 F7 \/ EU7 \u00a0o wymiarach\u00a0 428x287x600 \u00a0 mm \u00a0do centrali\u00a0 VTS: VS 21 VS 75 VS100 Przed zakupem prosimy o weryfikacj\u0119 wymiar\u00f3w filtr\u00f3w podanych w ofercie z rzeczywistymi wymiarami filtr\u00f3w montowanych w centrali. Produkt jest zamiennikiem. Nazwy urz\u0105dze\u0144, cz\u0119\u015bci i marek zosta\u0142y u\u017cyte w celu identyfikacji produktu. Poni\u017cej [&hellip;]<\/p>\n","protected":false},"featured_media":64769,"template":"","meta":[],"_links":{"self":[{"href":"https:\/\/profitstore.pl\/index.php\/wp-json\/wp\/v2\/product\/64768"}],"collection":[{"href":"https:\/\/profitstore.pl\/index.php\/wp-json\/wp\/v2\/product"}],"about":[{"href":"https:\/\/profitstore.pl\/index.php\/wp-json\/wp\/v2\/types\/product"}],"wp:featuredmedia":[{"embeddable":true,"href":"https:\/\/profitstore.pl\/index.php\/wp-json\/wp\/v2\/media\/64769"}],"wp:attachment":[{"href":"https:\/\/profitstore.pl\/index.php\/wp-json\/wp\/v2\/media?parent=64768"}],"curies":[{"name":"wp","href":"https:\/\/api.w.org\/{rel}","templated":true}]}}