{"id":64766,"date":"2026-04-18T17:09:01","date_gmt":"2026-04-18T17:09:01","guid":{"rendered":"https:\/\/profitstore.pl\/index.php\/produkt\/filtr-eu7-do-frapol-vbw-vts-klimor-komfovent-592x592x300\/"},"modified":"2026-04-18T17:09:03","modified_gmt":"2026-04-18T17:09:03","slug":"filtr-eu7-do-frapol-vbw-vts-klimor-komfovent-592x592x300","status":"publish","type":"product","link":"https:\/\/profitstore.pl\/index.php\/produkt\/filtr-eu7-do-frapol-vbw-vts-klimor-komfovent-592x592x300\/","title":{"rendered":"Filtr EU7 do FRAPOL VBW VTS KLIMOR KOMFOVENT (592x592x300)"},"content":{"rendered":"<p>Filtr\u00a0 kieszeniowy \u00a0klasy\u00a0 F7 \u00a0\/ EU7 \u00a0o wymiarach\u00a0 592x592x300 \u00a0mm\u00a0w\u00a0ramce metalowej pasuj\u0105cy do central : VBW VTS FRAPOL Filtry s\u0105 zamiennikami, nazwy producent\u00f3w i marek zosta\u0142y u\u017cyte w celu identyfikacji produktu.<\/p>\n<p>Poni\u017cej przedstawiamy sprzedawany produkt:<\/p>\n<p><img src=\"https:\/\/pureventfilters.eu\/4116-large_default\/filtr-eu7-do-frapol-vbw-vts-klimor-komfovent-592x592x300.jpg\" alt=\"Filtr EU7 do FRAPOL VBW VTS KLIMOR KOMFOVENT (592x592x300)\" \/><\/p>\n","protected":false},"excerpt":{"rendered":"<p>Filtr\u00a0 kieszeniowy \u00a0klasy\u00a0 F7 \u00a0\/ EU7 \u00a0o wymiarach\u00a0 592x592x300 \u00a0mm\u00a0w\u00a0ramce metalowej pasuj\u0105cy do central : VBW VTS FRAPOL Filtry s\u0105 zamiennikami, nazwy producent\u00f3w i marek zosta\u0142y u\u017cyte w celu identyfikacji produktu. Poni\u017cej przedstawiamy sprzedawany produkt:<\/p>\n","protected":false},"featured_media":64767,"template":"","meta":[],"_links":{"self":[{"href":"https:\/\/profitstore.pl\/index.php\/wp-json\/wp\/v2\/product\/64766"}],"collection":[{"href":"https:\/\/profitstore.pl\/index.php\/wp-json\/wp\/v2\/product"}],"about":[{"href":"https:\/\/profitstore.pl\/index.php\/wp-json\/wp\/v2\/types\/product"}],"wp:featuredmedia":[{"embeddable":true,"href":"https:\/\/profitstore.pl\/index.php\/wp-json\/wp\/v2\/media\/64767"}],"wp:attachment":[{"href":"https:\/\/profitstore.pl\/index.php\/wp-json\/wp\/v2\/media?parent=64766"}],"curies":[{"name":"wp","href":"https:\/\/api.w.org\/{rel}","templated":true}]}}