{"id":64762,"date":"2026-04-19T07:16:57","date_gmt":"2026-04-19T07:16:57","guid":{"rendered":"https:\/\/profitstore.pl\/index.php\/produkt\/filtr-eu5-do-systemair-maxi-1500-2000-bfm-1500-2000-196x876x380\/"},"modified":"2026-04-19T07:16:59","modified_gmt":"2026-04-19T07:16:59","slug":"filtr-eu5-do-systemair-maxi-1500-2000-bfm-1500-2000-196x876x380","status":"publish","type":"product","link":"https:\/\/profitstore.pl\/index.php\/produkt\/filtr-eu5-do-systemair-maxi-1500-2000-bfm-1500-2000-196x876x380\/","title":{"rendered":"Filtr EU5 do SYSTEMAIR MAXI 1500 \/ 2000 BFM 1500\/2000 (196x876x380)"},"content":{"rendered":"<p>Filtr\u00a0 kieszeniowy \u00a0o wymiarach\u00a0 196x876x380 \u00a0mm\u00a0w\u00a0ramce metalowej pasuj\u0105cy do central\u00a0 SYSTEMAIR \u00a0 : MAXI 1500 EL MAXI 1500 HW MAXI 2000 EL MAXI 2000 HW Zamienniki filtr\u00f3w: o oznaczeniu\u00a0 BF 1500\/2000-5 (filtr klasy M5) 8737 Filtry s\u0105 zamiennikami, nazwy producent\u00f3w i marek zosta\u0142y u\u017cyte w celu identyfikacji produktu.<\/p>\n<p>Poni\u017cej przedstawiamy sprzedawany produkt:<\/p>\n<p><img src=\"https:\/\/pureventfilters.eu\/4771-large_default\/filtr-eu5-do-systemair-maxi-1500-2000-bfm-15002000-196x876x380.jpg\" alt=\"Filtr EU5 do SYSTEMAIR MAXI 1500 \/ 2000 BFM 1500\/2000 (196x876x380)\" \/><\/p>\n","protected":false},"excerpt":{"rendered":"<p>Filtr\u00a0 kieszeniowy \u00a0o wymiarach\u00a0 196x876x380 \u00a0mm\u00a0w\u00a0ramce metalowej pasuj\u0105cy do central\u00a0 SYSTEMAIR \u00a0 : MAXI 1500 EL MAXI 1500 HW MAXI 2000 EL MAXI 2000 HW Zamienniki filtr\u00f3w: o oznaczeniu\u00a0 BF 1500\/2000-5 (filtr klasy M5) 8737 Filtry s\u0105 zamiennikami, nazwy producent\u00f3w i marek zosta\u0142y u\u017cyte w celu identyfikacji produktu. Poni\u017cej przedstawiamy sprzedawany produkt:<\/p>\n","protected":false},"featured_media":64763,"template":"","meta":[],"_links":{"self":[{"href":"https:\/\/profitstore.pl\/index.php\/wp-json\/wp\/v2\/product\/64762"}],"collection":[{"href":"https:\/\/profitstore.pl\/index.php\/wp-json\/wp\/v2\/product"}],"about":[{"href":"https:\/\/profitstore.pl\/index.php\/wp-json\/wp\/v2\/types\/product"}],"wp:featuredmedia":[{"embeddable":true,"href":"https:\/\/profitstore.pl\/index.php\/wp-json\/wp\/v2\/media\/64763"}],"wp:attachment":[{"href":"https:\/\/profitstore.pl\/index.php\/wp-json\/wp\/v2\/media?parent=64762"}],"curies":[{"name":"wp","href":"https:\/\/api.w.org\/{rel}","templated":true}]}}